{"id":654,"date":"2022-10-18T20:59:36","date_gmt":"2022-10-18T18:59:36","guid":{"rendered":"https:\/\/signature-selections.com\/?page_id=654"},"modified":"2024-01-29T11:22:33","modified_gmt":"2024-01-29T10:22:33","slug":"les-vins-selections","status":"publish","type":"page","link":"https:\/\/signature-selections.com\/uk\/les-vins-selections\/","title":{"rendered":"Les vins s\u00e9lections"},"content":{"rendered":"<p>[et_pb_section fb_built=\u00a0\u00bb1&Prime; _builder_version=\u00a0\u00bb4.18.0&Prime; background_image=\u00a0\u00bbhttps:\/\/signature-selections.com\/wp-content\/uploads\/2022\/10\/Vins-selections.jpg\u00a0\u00bb background_position=\u00a0\u00bbtop_right\u00a0\u00bb background_vertical_offset=\u00a0\u00bb46%\u00a0\u00bb custom_padding=\u00a0\u00bb0px||0px||true|false\u00a0\u00bb global_colors_info=\u00a0\u00bb{}\u00a0\u00bb][et_pb_row _builder_version=\u00a0\u00bb4.16&Prime; custom_padding=\u00a0\u00bb||325px|||\u00a0\u00bb global_colors_info=\u00a0\u00bb{}\u00a0\u00bb][et_pb_column type=\u00a0\u00bb4_4&Prime; _builder_version=\u00a0\u00bb4.16&Prime; global_colors_info=\u00a0\u00bb{}\u00a0\u00bb][et_pb_divider show_divider=\u00a0\u00bboff\u00a0\u00bb _builder_version=\u00a0\u00bb4.16&Prime; global_colors_info=\u00a0\u00bb{}\u00a0\u00bb][\/et_pb_divider][\/et_pb_column][\/et_pb_row][\/et_pb_section][et_pb_section fb_built=\u00a0\u00bb1&Prime; _builder_version=\u00a0\u00bb4.16&Prime; custom_padding=\u00a0\u00bb||0px|||\u00a0\u00bb global_colors_info=\u00a0\u00bb{}\u00a0\u00bb][et_pb_row _builder_version=\u00a0\u00bb4.18.0&Prime; custom_padding=\u00a0\u00bb||16px|||\u00a0\u00bb animation_style=\u00a0\u00bbfade\u00a0\u00bb global_colors_info=\u00a0\u00bb{}\u00a0\u00bb][et_pb_column type=\u00a0\u00bb4_4&Prime; _builder_version=\u00a0\u00bb4.16&Prime; global_colors_info=\u00a0\u00bb{}\u00a0\u00bb][et_pb_text _builder_version=\u00a0\u00bb4.20.2&Prime; text_font=\u00a0\u00bb|600|||||||\u00a0\u00bb text_text_color=\u00a0\u00bb#b0976d\u00a0\u00bb text_letter_spacing=\u00a0\u00bb1px\u00a0\u00bb header_font=\u00a0\u00bb||||||||\u00a0\u00bb header_line_height=\u00a0\u00bb1.4em\u00a0\u00bb header_2_font_size=\u00a0\u00bb40px\u00a0\u00bb header_2_line_height=\u00a0\u00bb1.4em\u00a0\u00bb custom_margin=\u00a0\u00bb||5px|||\u00a0\u00bb hover_enabled=\u00a0\u00bb0&Prime; global_colors_info=\u00a0\u00bb{}\u00a0\u00bb sticky_enabled=\u00a0\u00bb0&Prime;]<\/p>\n<p>ONE SIGNATURE, SEVERAL SELECTIONS<\/p>\n<h1>Confidential Terroirs<\/h1>\n<p>[\/et_pb_text][et_pb_divider color=\u00a0\u00bb#b0976d\u00a0\u00bb divider_weight=\u00a0\u00bb2px\u00a0\u00bb _builder_version=\u00a0\u00bb4.18.0&Prime; width=\u00a0\u00bb13%\u00a0\u00bb width_tablet=\u00a0\u00bb13%\u00a0\u00bb width_phone=\u00a0\u00bb46%\u00a0\u00bb width_last_edited=\u00a0\u00bbon|phone\u00a0\u00bb global_colors_info=\u00a0\u00bb{}\u00a0\u00bb][\/et_pb_divider][et_pb_text _builder_version=\u00a0\u00bb4.18.0&Prime; _module_preset=\u00a0\u00bbdefault\u00a0\u00bb global_colors_info=\u00a0\u00bb{}\u00a0\u00bb]<\/p>\n<p class=\"gmail-p2\"><span>In order to diversify our offer and adapt it to the demands of our customers, we offer lesser-known wines of character, authentic to their terroirs, which we recommend. Some call them \"nuggets\" or \"discoveries\", but in any case, they are quality wines that respect both their environment and quality specifications.<\/span><\/p>\n<p>[\/et_pb_text][et_pb_shop type=\u00a0\u00bbproduct_category\u00a0\u00bb posts_number=\u00a0\u00bb200&Prime; include_categories=\u00a0\u00bball\u00a0\u00bb orderby=\u00a0\u00bbdate-desc\u00a0\u00bb icon_hover_color=\u00a0\u00bb#B0976D\u00a0\u00bb hover_overlay_color=\u00a0\u00bbrgba(0,0,0,0.17)\u00a0\u00bb show_sale_badge=\u00a0\u00bboff\u00a0\u00bb _builder_version=\u00a0\u00bb4.20.2&Prime; _module_preset=\u00a0\u00bbdefault\u00a0\u00bb title_text_color=\u00a0\u00bb#1A1A3A\u00a0\u00bb title_font_size=\u00a0\u00bb20px\u00a0\u00bb custom_margin=\u00a0\u00bb50px|||||\u00a0\u00bb global_colors_info=\u00a0\u00bb{}\u00a0\u00bb][\/et_pb_shop][\/et_pb_column][\/et_pb_row][et_pb_row use_custom_gutter=\u00a0\u00bbon\u00a0\u00bb gutter_width=\u00a0\u00bb1&Prime; make_equal=\u00a0\u00bbon\u00a0\u00bb _builder_version=\u00a0\u00bb4.18.0&Prime; background_color=\u00a0\u00bb#f1f1ee\u00a0\u00bb module_alignment=\u00a0\u00bbcenter\u00a0\u00bb custom_margin=\u00a0\u00bb25px|auto||auto|false|false\u00a0\u00bb custom_padding=\u00a0\u00bb0px||0px|||\u00a0\u00bb animation_style=\u00a0\u00bbfade\u00a0\u00bb global_colors_info=\u00a0\u00bb{}\u00a0\u00bb][et_pb_column type=\u00a0\u00bb4_4&Prime; _builder_version=\u00a0\u00bb4.16&Prime; global_colors_info=\u00a0\u00bb{}\u00a0\u00bb][et_pb_text _builder_version=\u00a0\u00bb4.18.0&Prime; text_font=\u00a0\u00bb|600|||||||\u00a0\u00bb text_text_color=\u00a0\u00bb#b0976d\u00a0\u00bb text_letter_spacing=\u00a0\u00bb1px\u00a0\u00bb header_2_font_size=\u00a0\u00bb40px\u00a0\u00bb header_2_line_height=\u00a0\u00bb1.4em\u00a0\u00bb custom_margin=\u00a0\u00bb48px|60px|5px|60px|false|true\u00a0\u00bb custom_margin_tablet=\u00a0\u00bb\u00a0\u00bb custom_margin_phone=\u00a0\u00bb39px||5px||false|false\u00a0\u00bb custom_margin_last_edited=\u00a0\u00bbon|phone\u00a0\u00bb global_colors_info=\u00a0\u00bb{}\u00a0\u00bb]<\/p>\n<p style=\"text-align: center;\">CONTACT US<\/p>\n<h2 style=\"text-align: center;\">Find out about our offers<\/h2>\n<p>[\/et_pb_text][et_pb_divider color=\u00a0\u00bb#b0976d\u00a0\u00bb divider_weight=\u00a0\u00bb2px\u00a0\u00bb _builder_version=\u00a0\u00bb4.18.0&Prime; width=\u00a0\u00bb20%\u00a0\u00bb width_tablet=\u00a0\u00bb20%\u00a0\u00bb width_phone=\u00a0\u00bb52%\u00a0\u00bb width_last_edited=\u00a0\u00bbon|phone\u00a0\u00bb module_alignment=\u00a0\u00bbcenter\u00a0\u00bb custom_margin=\u00a0\u00bb|-1px||||\u00a0\u00bb global_colors_info=\u00a0\u00bb{}\u00a0\u00bb][\/et_pb_divider][et_pb_contact_form email=\u00a0\u00bbk.nasser@signature-selection.com\u00a0\u00bb custom_message=\u00a0\u00bbNom : %%Name%%||et_pb_line_break_holder||Pr\u00e9nom : %%Prenom%%||et_pb_line_break_holder||Adresse mail : %%Email%%||et_pb_line_break_holder||T\u00e9l\u00e9phone : %%Phone%%\u00a0\u00bb success_message=\u00a0\u00bbNous avons bien re\u00e7u votre message, nous vous r\u00e9pondons dans les meilleurs d\u00e9lais.\u00a0\u00bb submit_button_text=\u00a0\u00bbEnvoyer\u00a0\u00bb _builder_version=\u00a0\u00bb4.18.0&Prime; _unique_id=\u00a0\u00bb03379c14-9025-4322-a8b4-33a3aaddc238&Prime; form_field_background_color=\u00a0\u00bb#ffffff\u00a0\u00bb form_field_text_color=\u00a0\u00bb#b2b2b2&Prime; form_field_font_size=\u00a0\u00bb13px\u00a0\u00bb custom_button=\u00a0\u00bbon\u00a0\u00bb button_text_size=\u00a0\u00bb16px\u00a0\u00bb button_text_color=\u00a0\u00bb#b0976d\u00a0\u00bb button_border_radius=\u00a0\u00bb1px\u00a0\u00bb button_letter_spacing=\u00a0\u00bb1px\u00a0\u00bb button_font=\u00a0\u00bb|||on|||||\u00a0\u00bb custom_margin=\u00a0\u00bb32px|200px|55px|200px|false|true\u00a0\u00bb custom_margin_tablet=\u00a0\u00bb\u00a0\u00bb custom_margin_phone=\u00a0\u00bb|20px|34px|20px|false|true\u00a0\u00bb custom_margin_last_edited=\u00a0\u00bbon|phone\u00a0\u00bb custom_padding=\u00a0\u00bb|60px||||\u00a0\u00bb custom_padding_tablet=\u00a0\u00bb|60px||||\u00a0\u00bb custom_padding_phone=\u00a0\u00bb|0px|||false|false\u00a0\u00bb custom_padding_last_edited=\u00a0\u00bbon|phone\u00a0\u00bb global_colors_info=\u00a0\u00bb{}\u00a0\u00bb][et_pb_contact_field field_id=\u00a0\u00bbEmail\u00a0\u00bb field_title=\u00a0\u00bbAdresse e-mail\u00a0\u00bb field_type=\u00a0\u00bbemail\u00a0\u00bb fullwidth_field=\u00a0\u00bbon\u00a0\u00bb _builder_version=\u00a0\u00bb4.16&Prime; global_colors_info=\u00a0\u00bb{}\u00a0\u00bb button_text_size__hover_enabled=\u00a0\u00bboff\u00a0\u00bb button_one_text_size__hover_enabled=\u00a0\u00bboff\u00a0\u00bb button_two_text_size__hover_enabled=\u00a0\u00bboff\u00a0\u00bb button_text_color__hover_enabled=\u00a0\u00bboff\u00a0\u00bb button_one_text_color__hover_enabled=\u00a0\u00bboff\u00a0\u00bb button_two_text_color__hover_enabled=\u00a0\u00bboff\u00a0\u00bb button_border_width__hover_enabled=\u00a0\u00bboff\u00a0\u00bb button_one_border_width__hover_enabled=\u00a0\u00bboff\u00a0\u00bb button_two_border_width__hover_enabled=\u00a0\u00bboff\u00a0\u00bb button_border_color__hover_enabled=\u00a0\u00bboff\u00a0\u00bb button_one_border_color__hover_enabled=\u00a0\u00bboff\u00a0\u00bb button_two_border_color__hover_enabled=\u00a0\u00bboff\u00a0\u00bb button_border_radius__hover_enabled=\u00a0\u00bboff\u00a0\u00bb button_one_border_radius__hover_enabled=\u00a0\u00bboff\u00a0\u00bb button_two_border_radius__hover_enabled=\u00a0\u00bboff\u00a0\u00bb button_letter_spacing__hover_enabled=\u00a0\u00bboff\u00a0\u00bb button_one_letter_spacing__hover_enabled=\u00a0\u00bboff\u00a0\u00bb button_two_letter_spacing__hover_enabled=\u00a0\u00bboff\u00a0\u00bb button_bg_color__hover_enabled=\u00a0\u00bboff\u00a0\u00bb button_one_bg_color__hover_enabled=\u00a0\u00bboff\u00a0\u00bb button_two_bg_color__hover_enabled=\u00a0\u00bboff\u00a0\u00bb][\/et_pb_contact_field][et_pb_contact_field field_id=\u00a0\u00bbName\u00a0\u00bb field_title=\u00a0\u00bbNom\u00a0\u00bb _builder_version=\u00a0\u00bb4.16&Prime; global_colors_info=\u00a0\u00bb{}\u00a0\u00bb button_text_size__hover_enabled=\u00a0\u00bboff\u00a0\u00bb button_one_text_size__hover_enabled=\u00a0\u00bboff\u00a0\u00bb button_two_text_size__hover_enabled=\u00a0\u00bboff\u00a0\u00bb button_text_color__hover_enabled=\u00a0\u00bboff\u00a0\u00bb button_one_text_color__hover_enabled=\u00a0\u00bboff\u00a0\u00bb button_two_text_color__hover_enabled=\u00a0\u00bboff\u00a0\u00bb button_border_width__hover_enabled=\u00a0\u00bboff\u00a0\u00bb button_one_border_width__hover_enabled=\u00a0\u00bboff\u00a0\u00bb button_two_border_width__hover_enabled=\u00a0\u00bboff\u00a0\u00bb button_border_color__hover_enabled=\u00a0\u00bboff\u00a0\u00bb button_one_border_color__hover_enabled=\u00a0\u00bboff\u00a0\u00bb button_two_border_color__hover_enabled=\u00a0\u00bboff\u00a0\u00bb button_border_radius__hover_enabled=\u00a0\u00bboff\u00a0\u00bb button_one_border_radius__hover_enabled=\u00a0\u00bboff\u00a0\u00bb button_two_border_radius__hover_enabled=\u00a0\u00bboff\u00a0\u00bb button_letter_spacing__hover_enabled=\u00a0\u00bboff\u00a0\u00bb button_one_letter_spacing__hover_enabled=\u00a0\u00bboff\u00a0\u00bb button_two_letter_spacing__hover_enabled=\u00a0\u00bboff\u00a0\u00bb button_bg_color__hover_enabled=\u00a0\u00bboff\u00a0\u00bb button_one_bg_color__hover_enabled=\u00a0\u00bboff\u00a0\u00bb button_two_bg_color__hover_enabled=\u00a0\u00bboff\u00a0\u00bb][\/et_pb_contact_field][et_pb_contact_field field_id=\u00a0\u00bbPrenom\u00a0\u00bb field_title=\u00a0\u00bbPr\u00e9nom\u00a0\u00bb _builder_version=\u00a0\u00bb4.16&Prime; global_colors_info=\u00a0\u00bb{}\u00a0\u00bb][\/et_pb_contact_field][et_pb_contact_field field_id=\u00a0\u00bbPhone\u00a0\u00bb field_title=\u00a0\u00bbT\u00e9l\u00e9phone\u00a0\u00bb fullwidth_field=\u00a0\u00bbon\u00a0\u00bb _builder_version=\u00a0\u00bb4.18.0&Prime; _module_preset=\u00a0\u00bbdefault\u00a0\u00bb global_colors_info=\u00a0\u00bb{}\u00a0\u00bb][\/et_pb_contact_field][\/et_pb_contact_form][\/et_pb_column][\/et_pb_row][\/et_pb_section][et_pb_section fb_built=\u00a0\u00bb1&Prime; _builder_version=\u00a0\u00bb4.16&Prime; custom_padding=\u00a0\u00bb3px||7px|||\u00a0\u00bb global_colors_info=\u00a0\u00bb{}\u00a0\u00bb][et_pb_row _builder_version=\u00a0\u00bb4.16&Prime; global_colors_info=\u00a0\u00bb{}\u00a0\u00bb][et_pb_column type=\u00a0\u00bb4_4&Prime; _builder_version=\u00a0\u00bb4.16&Prime; global_colors_info=\u00a0\u00bb{}\u00a0\u00bb][et_pb_text _builder_version=\u00a0\u00bb4.16&Prime; global_colors_info=\u00a0\u00bb{}\u00a0\u00bb]<\/p>\n<p style=\"text-align: center;\">Enjoy wine responsibly! The abuse of alcohol is dangerous for your health.<\/p>\n<p>[\/et_pb_text][\/et_pb_column][\/et_pb_row][\/et_pb_section]<\/p>","protected":false},"excerpt":{"rendered":"<p>UNE SIGNATURE, DES S\u00c9LECTIONS Terroirs confidentielsAfin de diversifier notre offre et de l\u2019adapter aux demandes de nos clients, nous proposons des vins moins connus, de caract\u00e8re, authentiques de leurs terroirs dont nous faisons les prescripteurs. D\u2019aucuns les qualifient de p\u00e9pites, de d\u00e9couvertes, ils sont en tous cas des vins de qualit\u00e9 et respectant \u00e0 la [&hellip;]<\/p>","protected":false},"author":1,"featured_media":663,"parent":0,"menu_order":0,"comment_status":"closed","ping_status":"closed","template":"","meta":{"_et_pb_use_builder":"on","_et_pb_old_content":"","_et_gb_content_width":"","footnotes":""},"class_list":["post-654","page","type-page","status-publish","has-post-thumbnail","hentry"],"yoast_head":"<!-- This site is optimized with the Yoast SEO plugin v25.1 - https:\/\/yoast.com\/wordpress\/plugins\/seo\/ -->\n<title>Les vins s\u00e9lections - Signature Selections<\/title>\n<meta name=\"robots\" content=\"index, follow, max-snippet:-1, max-image-preview:large, max-video-preview:-1\" \/>\n<link rel=\"canonical\" href=\"https:\/\/signature-selections.com\/uk\/les-vins-selections\/\" \/>\n<meta property=\"og:locale\" content=\"en_GB\" \/>\n<meta property=\"og:type\" content=\"article\" \/>\n<meta property=\"og:title\" content=\"Les vins s\u00e9lections - Signature Selections\" \/>\n<meta property=\"og:description\" content=\"UNE SIGNATURE, DES S\u00c9LECTIONS Terroirs confidentielsAfin de diversifier notre offre et de l\u2019adapter aux demandes de nos clients, nous proposons des vins moins connus, de caract\u00e8re, authentiques de leurs terroirs dont nous faisons les prescripteurs. D\u2019aucuns les qualifient de p\u00e9pites, de d\u00e9couvertes, ils sont en tous cas des vins de qualit\u00e9 et respectant \u00e0 la [&hellip;]\" \/>\n<meta property=\"og:url\" content=\"https:\/\/signature-selections.com\/uk\/les-vins-selections\/\" \/>\n<meta property=\"og:site_name\" content=\"Signature Selections\" \/>\n<meta property=\"article:publisher\" content=\"https:\/\/www.facebook.com\/signatureselectionswines\/\" \/>\n<meta property=\"article:modified_time\" content=\"2024-01-29T10:22:33+00:00\" \/>\n<meta property=\"og:image\" content=\"https:\/\/signature-selections.com\/wp-content\/uploads\/2022\/10\/Vins-selections.jpg\" \/>\n\t<meta property=\"og:image:width\" content=\"1800\" \/>\n\t<meta property=\"og:image:height\" content=\"1200\" \/>\n\t<meta property=\"og:image:type\" content=\"image\/jpeg\" \/>\n<meta name=\"twitter:card\" content=\"summary_large_image\" \/>\n<script type=\"application\/ld+json\" class=\"yoast-schema-graph\">{\"@context\":\"https:\/\/schema.org\",\"@graph\":[{\"@type\":\"WebPage\",\"@id\":\"https:\/\/signature-selections.com\/les-vins-selections\/\",\"url\":\"https:\/\/signature-selections.com\/les-vins-selections\/\",\"name\":\"Les vins s\u00e9lections - Signature Selections\",\"isPartOf\":{\"@id\":\"https:\/\/signature-selections.com\/#website\"},\"primaryImageOfPage\":{\"@id\":\"https:\/\/signature-selections.com\/les-vins-selections\/#primaryimage\"},\"image\":{\"@id\":\"https:\/\/signature-selections.com\/les-vins-selections\/#primaryimage\"},\"thumbnailUrl\":\"https:\/\/signature-selections.com\/wp-content\/uploads\/2022\/10\/Vins-selections.jpg\",\"datePublished\":\"2022-10-18T18:59:36+00:00\",\"dateModified\":\"2024-01-29T10:22:33+00:00\",\"breadcrumb\":{\"@id\":\"https:\/\/signature-selections.com\/les-vins-selections\/#breadcrumb\"},\"inLanguage\":\"en-GB\",\"potentialAction\":[{\"@type\":\"ReadAction\",\"target\":[\"https:\/\/signature-selections.com\/les-vins-selections\/\"]}]},{\"@type\":\"ImageObject\",\"inLanguage\":\"en-GB\",\"@id\":\"https:\/\/signature-selections.com\/les-vins-selections\/#primaryimage\",\"url\":\"https:\/\/signature-selections.com\/wp-content\/uploads\/2022\/10\/Vins-selections.jpg\",\"contentUrl\":\"https:\/\/signature-selections.com\/wp-content\/uploads\/2022\/10\/Vins-selections.jpg\",\"width\":1800,\"height\":1200,\"caption\":\"Vins s\u00e9lections\"},{\"@type\":\"BreadcrumbList\",\"@id\":\"https:\/\/signature-selections.com\/les-vins-selections\/#breadcrumb\",\"itemListElement\":[{\"@type\":\"ListItem\",\"position\":1,\"name\":\"S\u00e9lection\",\"item\":\"https:\/\/signature-selections.com\/\"},{\"@type\":\"ListItem\",\"position\":2,\"name\":\"Les vins s\u00e9lections\"}]},{\"@type\":\"WebSite\",\"@id\":\"https:\/\/signature-selections.com\/#website\",\"url\":\"https:\/\/signature-selections.com\/\",\"name\":\"Signature Selections\",\"description\":\"N\u00e9gociant de vins \u00e0 Bordeaux\",\"publisher\":{\"@id\":\"https:\/\/signature-selections.com\/#organization\"},\"potentialAction\":[{\"@type\":\"SearchAction\",\"target\":{\"@type\":\"EntryPoint\",\"urlTemplate\":\"https:\/\/signature-selections.com\/?s={search_term_string}\"},\"query-input\":{\"@type\":\"PropertyValueSpecification\",\"valueRequired\":true,\"valueName\":\"search_term_string\"}}],\"inLanguage\":\"en-GB\"},{\"@type\":\"Organization\",\"@id\":\"https:\/\/signature-selections.com\/#organization\",\"name\":\"Signature Selections\",\"url\":\"https:\/\/signature-selections.com\/\",\"logo\":{\"@type\":\"ImageObject\",\"inLanguage\":\"en-GB\",\"@id\":\"https:\/\/signature-selections.com\/#\/schema\/logo\/image\/\",\"url\":\"https:\/\/signature-selections.com\/wp-content\/uploads\/2022\/10\/Logo-Signature-Selections.png\",\"contentUrl\":\"https:\/\/signature-selections.com\/wp-content\/uploads\/2022\/10\/Logo-Signature-Selections.png\",\"width\":600,\"height\":445,\"caption\":\"Signature Selections\"},\"image\":{\"@id\":\"https:\/\/signature-selections.com\/#\/schema\/logo\/image\/\"},\"sameAs\":[\"https:\/\/www.facebook.com\/signatureselectionswines\/\",\"https:\/\/www.instagram.com\/signature_selections\/?hl=fr\"]}]}<\/script>\n<!-- \/ Yoast SEO plugin. -->","yoast_head_json":{"title":"Les vins s\u00e9lections - Signature Selections","robots":{"index":"index","follow":"follow","max-snippet":"max-snippet:-1","max-image-preview":"max-image-preview:large","max-video-preview":"max-video-preview:-1"},"canonical":"https:\/\/signature-selections.com\/uk\/les-vins-selections\/","og_locale":"en_GB","og_type":"article","og_title":"Les vins s\u00e9lections - Signature Selections","og_description":"UNE SIGNATURE, DES S\u00c9LECTIONS Terroirs confidentielsAfin de diversifier notre offre et de l\u2019adapter aux demandes de nos clients, nous proposons des vins moins connus, de caract\u00e8re, authentiques de leurs terroirs dont nous faisons les prescripteurs. D\u2019aucuns les qualifient de p\u00e9pites, de d\u00e9couvertes, ils sont en tous cas des vins de qualit\u00e9 et respectant \u00e0 la [&hellip;]","og_url":"https:\/\/signature-selections.com\/uk\/les-vins-selections\/","og_site_name":"Signature Selections","article_publisher":"https:\/\/www.facebook.com\/signatureselectionswines\/","article_modified_time":"2024-01-29T10:22:33+00:00","og_image":[{"width":1800,"height":1200,"url":"https:\/\/signature-selections.com\/wp-content\/uploads\/2022\/10\/Vins-selections.jpg","type":"image\/jpeg"}],"twitter_card":"summary_large_image","schema":{"@context":"https:\/\/schema.org","@graph":[{"@type":"WebPage","@id":"https:\/\/signature-selections.com\/les-vins-selections\/","url":"https:\/\/signature-selections.com\/les-vins-selections\/","name":"Les vins s\u00e9lections - Signature Selections","isPartOf":{"@id":"https:\/\/signature-selections.com\/#website"},"primaryImageOfPage":{"@id":"https:\/\/signature-selections.com\/les-vins-selections\/#primaryimage"},"image":{"@id":"https:\/\/signature-selections.com\/les-vins-selections\/#primaryimage"},"thumbnailUrl":"https:\/\/signature-selections.com\/wp-content\/uploads\/2022\/10\/Vins-selections.jpg","datePublished":"2022-10-18T18:59:36+00:00","dateModified":"2024-01-29T10:22:33+00:00","breadcrumb":{"@id":"https:\/\/signature-selections.com\/les-vins-selections\/#breadcrumb"},"inLanguage":"en-GB","potentialAction":[{"@type":"ReadAction","target":["https:\/\/signature-selections.com\/les-vins-selections\/"]}]},{"@type":"ImageObject","inLanguage":"en-GB","@id":"https:\/\/signature-selections.com\/les-vins-selections\/#primaryimage","url":"https:\/\/signature-selections.com\/wp-content\/uploads\/2022\/10\/Vins-selections.jpg","contentUrl":"https:\/\/signature-selections.com\/wp-content\/uploads\/2022\/10\/Vins-selections.jpg","width":1800,"height":1200,"caption":"Vins s\u00e9lections"},{"@type":"BreadcrumbList","@id":"https:\/\/signature-selections.com\/les-vins-selections\/#breadcrumb","itemListElement":[{"@type":"ListItem","position":1,"name":"S\u00e9lection","item":"https:\/\/signature-selections.com\/"},{"@type":"ListItem","position":2,"name":"Les vins s\u00e9lections"}]},{"@type":"WebSite","@id":"https:\/\/signature-selections.com\/#website","url":"https:\/\/signature-selections.com\/","name":"Signature Selections","description":"N\u00e9gociant de vins \u00e0 Bordeaux","publisher":{"@id":"https:\/\/signature-selections.com\/#organization"},"potentialAction":[{"@type":"SearchAction","target":{"@type":"EntryPoint","urlTemplate":"https:\/\/signature-selections.com\/?s={search_term_string}"},"query-input":{"@type":"PropertyValueSpecification","valueRequired":true,"valueName":"search_term_string"}}],"inLanguage":"en-GB"},{"@type":"Organization","@id":"https:\/\/signature-selections.com\/#organization","name":"Signature Selections","url":"https:\/\/signature-selections.com\/","logo":{"@type":"ImageObject","inLanguage":"en-GB","@id":"https:\/\/signature-selections.com\/#\/schema\/logo\/image\/","url":"https:\/\/signature-selections.com\/wp-content\/uploads\/2022\/10\/Logo-Signature-Selections.png","contentUrl":"https:\/\/signature-selections.com\/wp-content\/uploads\/2022\/10\/Logo-Signature-Selections.png","width":600,"height":445,"caption":"Signature Selections"},"image":{"@id":"https:\/\/signature-selections.com\/#\/schema\/logo\/image\/"},"sameAs":["https:\/\/www.facebook.com\/signatureselectionswines\/","https:\/\/www.instagram.com\/signature_selections\/?hl=fr"]}]}},"_links":{"self":[{"href":"https:\/\/signature-selections.com\/uk\/wp-json\/wp\/v2\/pages\/654","targetHints":{"allow":["GET"]}}],"collection":[{"href":"https:\/\/signature-selections.com\/uk\/wp-json\/wp\/v2\/pages"}],"about":[{"href":"https:\/\/signature-selections.com\/uk\/wp-json\/wp\/v2\/types\/page"}],"author":[{"embeddable":true,"href":"https:\/\/signature-selections.com\/uk\/wp-json\/wp\/v2\/users\/1"}],"replies":[{"embeddable":true,"href":"https:\/\/signature-selections.com\/uk\/wp-json\/wp\/v2\/comments?post=654"}],"version-history":[{"count":9,"href":"https:\/\/signature-selections.com\/uk\/wp-json\/wp\/v2\/pages\/654\/revisions"}],"predecessor-version":[{"id":963,"href":"https:\/\/signature-selections.com\/uk\/wp-json\/wp\/v2\/pages\/654\/revisions\/963"}],"wp:featuredmedia":[{"embeddable":true,"href":"https:\/\/signature-selections.com\/uk\/wp-json\/wp\/v2\/media\/663"}],"wp:attachment":[{"href":"https:\/\/signature-selections.com\/uk\/wp-json\/wp\/v2\/media?parent=654"}],"curies":[{"name":"wp","href":"https:\/\/api.w.org\/{rel}","templated":true}]}}