{"id":406,"date":"2020-05-17T14:08:17","date_gmt":"2020-05-17T12:08:17","guid":{"rendered":"https:\/\/signature-selections.com\/?page_id=406"},"modified":"2022-10-18T17:17:36","modified_gmt":"2022-10-18T15:17:36","slug":"actualites","status":"publish","type":"page","link":"https:\/\/signature-selections.com\/uk\/actualites\/","title":{"rendered":"Actualit\u00e9s"},"content":{"rendered":"<p>[et_pb_section fb_built=\u00a0\u00bb1&Prime; _builder_version=\u00a0\u00bb4.16&Prime; background_image=\u00a0\u00bbhttps:\/\/signature-selections.com\/wp-content\/uploads\/2020\/05\/Actualites.jpg\u00a0\u00bb custom_padding=\u00a0\u00bb0px||0px||true|false\u00a0\u00bb global_colors_info=\u00a0\u00bb{}\u00a0\u00bb][et_pb_row _builder_version=\u00a0\u00bb4.16&Prime; custom_padding=\u00a0\u00bb||325px|||\u00a0\u00bb global_colors_info=\u00a0\u00bb{}\u00a0\u00bb][et_pb_column type=\u00a0\u00bb4_4&Prime; _builder_version=\u00a0\u00bb4.16&Prime; global_colors_info=\u00a0\u00bb{}\u00a0\u00bb][et_pb_divider show_divider=\u00a0\u00bboff\u00a0\u00bb _builder_version=\u00a0\u00bb4.16&Prime; global_colors_info=\u00a0\u00bb{}\u00a0\u00bb][\/et_pb_divider][\/et_pb_column][\/et_pb_row][\/et_pb_section][et_pb_section fb_built=\u00a0\u00bb1&Prime; _builder_version=\u00a0\u00bb4.16&Prime; global_colors_info=\u00a0\u00bb{}\u00a0\u00bb][et_pb_row _builder_version=\u00a0\u00bb4.16&Prime; global_colors_info=\u00a0\u00bb{}\u00a0\u00bb][et_pb_column type=\u00a0\u00bb4_4&Prime; _builder_version=\u00a0\u00bb4.16&Prime; global_colors_info=\u00a0\u00bb{}\u00a0\u00bb][et_pb_text _builder_version=\u00a0\u00bb4.16&Prime; text_font=\u00a0\u00bb|600|||||||\u00a0\u00bb text_text_color=\u00a0\u00bb#b0976d\u00a0\u00bb text_letter_spacing=\u00a0\u00bb1px\u00a0\u00bb header_line_height=\u00a0\u00bb1.4em\u00a0\u00bb header_2_font_size=\u00a0\u00bb40px\u00a0\u00bb header_2_line_height=\u00a0\u00bb1.4em\u00a0\u00bb custom_margin=\u00a0\u00bb||5px|||\u00a0\u00bb global_colors_info=\u00a0\u00bb{}\u00a0\u00bb]<\/p>\n<p>PRESS &amp; EVENT<\/p>\n<h1>Our actuality<\/h1>\n<p>[\/et_pb_text][et_pb_divider color=\u00a0\u00bb#b0976d\u00a0\u00bb divider_weight=\u00a0\u00bb2px\u00a0\u00bb _builder_version=\u00a0\u00bb4.16&Prime; width=\u00a0\u00bb13%\u00a0\u00bb global_colors_info=\u00a0\u00bb{}\u00a0\u00bb][\/et_pb_divider][et_pb_text _builder_version=\u00a0\u00bb4.18.0&Prime; text_text_color=\u00a0\u00bb#1a1a3a\u00a0\u00bb hover_enabled=\u00a0\u00bb0&Prime; global_colors_info=\u00a0\u00bb{}\u00a0\u00bb sticky_enabled=\u00a0\u00bb0&Prime;]<\/p>\n<p style=\"text-align: justify;\">Here you'll find our latest news and press releases.<\/p>\n<p>[\/et_pb_text][et_pb_blog fullwidth=\u00a0\u00bboff\u00a0\u00bb include_categories=\u00a0\u00bball\u00a0\u00bb meta_date=\u00a0\u00bbj M Y\u00a0\u00bb show_more=\u00a0\u00bbon\u00a0\u00bb show_author=\u00a0\u00bboff\u00a0\u00bb show_pagination=\u00a0\u00bboff\u00a0\u00bb use_overlay=\u00a0\u00bbon\u00a0\u00bb overlay_icon_color=\u00a0\u00bb#b0976d\u00a0\u00bb hover_overlay_color=\u00a0\u00bbrgba(26,26,58,0.3)\u00a0\u00bb masonry_tile_background_color=\u00a0\u00bb#f1f1ee\u00a0\u00bb _builder_version=\u00a0\u00bb4.18.0&Prime; header_font_size=\u00a0\u00bb30px\u00a0\u00bb meta_font=\u00a0\u00bb|600||on|||||\u00a0\u00bb meta_text_color=\u00a0\u00bb#b0976d\u00a0\u00bb meta_line_height=\u00a0\u00bb1em\u00a0\u00bb read_more_font=\u00a0\u00bb|||on|||||\u00a0\u00bb read_more_line_height=\u00a0\u00bb3em\u00a0\u00bb text_orientation=\u00a0\u00bbjustified\u00a0\u00bb hover_enabled=\u00a0\u00bb0&Prime; border_width_all=\u00a0\u00bb0px\u00a0\u00bb border_color_all=\u00a0\u00bb#b0976d\u00a0\u00bb global_colors_info=\u00a0\u00bb{}\u00a0\u00bb show_date=\u00a0\u00bboff\u00a0\u00bb sticky_enabled=\u00a0\u00bb0&Prime;][\/et_pb_blog][\/et_pb_column][\/et_pb_row][\/et_pb_section][et_pb_section fb_built=\u00a0\u00bb1&Prime; _builder_version=\u00a0\u00bb4.16&Prime; custom_padding=\u00a0\u00bb3px||7px|||\u00a0\u00bb global_colors_info=\u00a0\u00bb{}\u00a0\u00bb][et_pb_row _builder_version=\u00a0\u00bb4.16&Prime; global_colors_info=\u00a0\u00bb{}\u00a0\u00bb][et_pb_column type=\u00a0\u00bb4_4&Prime; _builder_version=\u00a0\u00bb4.16&Prime; global_colors_info=\u00a0\u00bb{}\u00a0\u00bb][et_pb_text _builder_version=\u00a0\u00bb4.16&Prime; global_colors_info=\u00a0\u00bb{}\u00a0\u00bb]<\/p>\n<p style=\"text-align: center;\">Enjoy wine responsibly! The abuse of alcohol is dangerous for your health.<\/p>\n<p>[\/et_pb_text][\/et_pb_column][\/et_pb_row][\/et_pb_section]<\/p>","protected":false},"excerpt":{"rendered":"<p>\u00c9V\u00c9NEMENTS &amp; PRESSE Notre actualit\u00e9Retrouvez ici nos actualit\u00e9s, nouveaut\u00e9s et articles de presse.L&rsquo;abus d&rsquo;alcool est dangereux pour la sant\u00e9, \u00e0 consommer avec mod\u00e9ration.<\/p>","protected":false},"author":1,"featured_media":407,"parent":0,"menu_order":0,"comment_status":"closed","ping_status":"closed","template":"","meta":{"_et_pb_use_builder":"on","_et_pb_old_content":"","_et_gb_content_width":"","footnotes":""},"class_list":["post-406","page","type-page","status-publish","has-post-thumbnail","hentry"],"yoast_head":"<!-- This site is optimized with the Yoast SEO plugin v25.1 - https:\/\/yoast.com\/wordpress\/plugins\/seo\/ -->\n<title>Actualit\u00e9s - Signature Selections<\/title>\n<meta name=\"robots\" content=\"index, follow, max-snippet:-1, max-image-preview:large, max-video-preview:-1\" \/>\n<link rel=\"canonical\" href=\"https:\/\/signature-selections.com\/uk\/actualites\/\" \/>\n<meta property=\"og:locale\" content=\"en_GB\" \/>\n<meta property=\"og:type\" content=\"article\" \/>\n<meta property=\"og:title\" content=\"Actualit\u00e9s - Signature Selections\" \/>\n<meta property=\"og:description\" content=\"\u00c9V\u00c9NEMENTS &amp; PRESSE Notre actualit\u00e9Retrouvez ici nos actualit\u00e9s, nouveaut\u00e9s et articles de presse.L&#039;abus d&#039;alcool est dangereux pour la sant\u00e9, \u00e0 consommer avec mod\u00e9ration.\" \/>\n<meta property=\"og:url\" content=\"https:\/\/signature-selections.com\/uk\/actualites\/\" \/>\n<meta property=\"og:site_name\" content=\"Signature Selections\" \/>\n<meta property=\"article:publisher\" content=\"https:\/\/www.facebook.com\/signatureselectionswines\/\" \/>\n<meta property=\"article:modified_time\" content=\"2022-10-18T15:17:36+00:00\" \/>\n<meta property=\"og:image\" content=\"https:\/\/signature-selections.com\/wp-content\/uploads\/2020\/05\/Actualites.jpg\" \/>\n\t<meta property=\"og:image:width\" content=\"1800\" \/>\n\t<meta property=\"og:image:height\" content=\"1246\" \/>\n\t<meta property=\"og:image:type\" content=\"image\/jpeg\" \/>\n<meta name=\"twitter:card\" content=\"summary_large_image\" \/>\n<meta name=\"twitter:label1\" content=\"Estimated reading time\" \/>\n\t<meta name=\"twitter:data1\" content=\"2 minutes\" \/>\n<script type=\"application\/ld+json\" class=\"yoast-schema-graph\">{\"@context\":\"https:\/\/schema.org\",\"@graph\":[{\"@type\":\"WebPage\",\"@id\":\"https:\/\/signature-selections.com\/actualites\/\",\"url\":\"https:\/\/signature-selections.com\/actualites\/\",\"name\":\"Actualit\u00e9s - Signature Selections\",\"isPartOf\":{\"@id\":\"https:\/\/signature-selections.com\/#website\"},\"primaryImageOfPage\":{\"@id\":\"https:\/\/signature-selections.com\/actualites\/#primaryimage\"},\"image\":{\"@id\":\"https:\/\/signature-selections.com\/actualites\/#primaryimage\"},\"thumbnailUrl\":\"https:\/\/signature-selections.com\/wp-content\/uploads\/2020\/05\/Actualites.jpg\",\"datePublished\":\"2020-05-17T12:08:17+00:00\",\"dateModified\":\"2022-10-18T15:17:36+00:00\",\"breadcrumb\":{\"@id\":\"https:\/\/signature-selections.com\/actualites\/#breadcrumb\"},\"inLanguage\":\"en-GB\",\"potentialAction\":[{\"@type\":\"ReadAction\",\"target\":[\"https:\/\/signature-selections.com\/actualites\/\"]}]},{\"@type\":\"ImageObject\",\"inLanguage\":\"en-GB\",\"@id\":\"https:\/\/signature-selections.com\/actualites\/#primaryimage\",\"url\":\"https:\/\/signature-selections.com\/wp-content\/uploads\/2020\/05\/Actualites.jpg\",\"contentUrl\":\"https:\/\/signature-selections.com\/wp-content\/uploads\/2020\/05\/Actualites.jpg\",\"width\":1800,\"height\":1246,\"caption\":\"Actualit\u00e9s vin\"},{\"@type\":\"BreadcrumbList\",\"@id\":\"https:\/\/signature-selections.com\/actualites\/#breadcrumb\",\"itemListElement\":[{\"@type\":\"ListItem\",\"position\":1,\"name\":\"S\u00e9lection\",\"item\":\"https:\/\/signature-selections.com\/\"},{\"@type\":\"ListItem\",\"position\":2,\"name\":\"Actualit\u00e9s\"}]},{\"@type\":\"WebSite\",\"@id\":\"https:\/\/signature-selections.com\/#website\",\"url\":\"https:\/\/signature-selections.com\/\",\"name\":\"Signature Selections\",\"description\":\"N\u00e9gociant de vins \u00e0 Bordeaux\",\"publisher\":{\"@id\":\"https:\/\/signature-selections.com\/#organization\"},\"potentialAction\":[{\"@type\":\"SearchAction\",\"target\":{\"@type\":\"EntryPoint\",\"urlTemplate\":\"https:\/\/signature-selections.com\/?s={search_term_string}\"},\"query-input\":{\"@type\":\"PropertyValueSpecification\",\"valueRequired\":true,\"valueName\":\"search_term_string\"}}],\"inLanguage\":\"en-GB\"},{\"@type\":\"Organization\",\"@id\":\"https:\/\/signature-selections.com\/#organization\",\"name\":\"Signature Selections\",\"url\":\"https:\/\/signature-selections.com\/\",\"logo\":{\"@type\":\"ImageObject\",\"inLanguage\":\"en-GB\",\"@id\":\"https:\/\/signature-selections.com\/#\/schema\/logo\/image\/\",\"url\":\"https:\/\/signature-selections.com\/wp-content\/uploads\/2022\/10\/Logo-Signature-Selections.png\",\"contentUrl\":\"https:\/\/signature-selections.com\/wp-content\/uploads\/2022\/10\/Logo-Signature-Selections.png\",\"width\":600,\"height\":445,\"caption\":\"Signature Selections\"},\"image\":{\"@id\":\"https:\/\/signature-selections.com\/#\/schema\/logo\/image\/\"},\"sameAs\":[\"https:\/\/www.facebook.com\/signatureselectionswines\/\",\"https:\/\/www.instagram.com\/signature_selections\/?hl=fr\"]}]}<\/script>\n<!-- \/ Yoast SEO plugin. -->","yoast_head_json":{"title":"Actualit\u00e9s - Signature Selections","robots":{"index":"index","follow":"follow","max-snippet":"max-snippet:-1","max-image-preview":"max-image-preview:large","max-video-preview":"max-video-preview:-1"},"canonical":"https:\/\/signature-selections.com\/uk\/actualites\/","og_locale":"en_GB","og_type":"article","og_title":"Actualit\u00e9s - Signature Selections","og_description":"\u00c9V\u00c9NEMENTS &amp; PRESSE Notre actualit\u00e9Retrouvez ici nos actualit\u00e9s, nouveaut\u00e9s et articles de presse.L'abus d'alcool est dangereux pour la sant\u00e9, \u00e0 consommer avec mod\u00e9ration.","og_url":"https:\/\/signature-selections.com\/uk\/actualites\/","og_site_name":"Signature Selections","article_publisher":"https:\/\/www.facebook.com\/signatureselectionswines\/","article_modified_time":"2022-10-18T15:17:36+00:00","og_image":[{"width":1800,"height":1246,"url":"https:\/\/signature-selections.com\/wp-content\/uploads\/2020\/05\/Actualites.jpg","type":"image\/jpeg"}],"twitter_card":"summary_large_image","twitter_misc":{"Estimated reading time":"2 minutes"},"schema":{"@context":"https:\/\/schema.org","@graph":[{"@type":"WebPage","@id":"https:\/\/signature-selections.com\/actualites\/","url":"https:\/\/signature-selections.com\/actualites\/","name":"Actualit\u00e9s - Signature Selections","isPartOf":{"@id":"https:\/\/signature-selections.com\/#website"},"primaryImageOfPage":{"@id":"https:\/\/signature-selections.com\/actualites\/#primaryimage"},"image":{"@id":"https:\/\/signature-selections.com\/actualites\/#primaryimage"},"thumbnailUrl":"https:\/\/signature-selections.com\/wp-content\/uploads\/2020\/05\/Actualites.jpg","datePublished":"2020-05-17T12:08:17+00:00","dateModified":"2022-10-18T15:17:36+00:00","breadcrumb":{"@id":"https:\/\/signature-selections.com\/actualites\/#breadcrumb"},"inLanguage":"en-GB","potentialAction":[{"@type":"ReadAction","target":["https:\/\/signature-selections.com\/actualites\/"]}]},{"@type":"ImageObject","inLanguage":"en-GB","@id":"https:\/\/signature-selections.com\/actualites\/#primaryimage","url":"https:\/\/signature-selections.com\/wp-content\/uploads\/2020\/05\/Actualites.jpg","contentUrl":"https:\/\/signature-selections.com\/wp-content\/uploads\/2020\/05\/Actualites.jpg","width":1800,"height":1246,"caption":"Actualit\u00e9s vin"},{"@type":"BreadcrumbList","@id":"https:\/\/signature-selections.com\/actualites\/#breadcrumb","itemListElement":[{"@type":"ListItem","position":1,"name":"S\u00e9lection","item":"https:\/\/signature-selections.com\/"},{"@type":"ListItem","position":2,"name":"Actualit\u00e9s"}]},{"@type":"WebSite","@id":"https:\/\/signature-selections.com\/#website","url":"https:\/\/signature-selections.com\/","name":"Signature Selections","description":"N\u00e9gociant de vins \u00e0 Bordeaux","publisher":{"@id":"https:\/\/signature-selections.com\/#organization"},"potentialAction":[{"@type":"SearchAction","target":{"@type":"EntryPoint","urlTemplate":"https:\/\/signature-selections.com\/?s={search_term_string}"},"query-input":{"@type":"PropertyValueSpecification","valueRequired":true,"valueName":"search_term_string"}}],"inLanguage":"en-GB"},{"@type":"Organization","@id":"https:\/\/signature-selections.com\/#organization","name":"Signature Selections","url":"https:\/\/signature-selections.com\/","logo":{"@type":"ImageObject","inLanguage":"en-GB","@id":"https:\/\/signature-selections.com\/#\/schema\/logo\/image\/","url":"https:\/\/signature-selections.com\/wp-content\/uploads\/2022\/10\/Logo-Signature-Selections.png","contentUrl":"https:\/\/signature-selections.com\/wp-content\/uploads\/2022\/10\/Logo-Signature-Selections.png","width":600,"height":445,"caption":"Signature Selections"},"image":{"@id":"https:\/\/signature-selections.com\/#\/schema\/logo\/image\/"},"sameAs":["https:\/\/www.facebook.com\/signatureselectionswines\/","https:\/\/www.instagram.com\/signature_selections\/?hl=fr"]}]}},"_links":{"self":[{"href":"https:\/\/signature-selections.com\/uk\/wp-json\/wp\/v2\/pages\/406","targetHints":{"allow":["GET"]}}],"collection":[{"href":"https:\/\/signature-selections.com\/uk\/wp-json\/wp\/v2\/pages"}],"about":[{"href":"https:\/\/signature-selections.com\/uk\/wp-json\/wp\/v2\/types\/page"}],"author":[{"embeddable":true,"href":"https:\/\/signature-selections.com\/uk\/wp-json\/wp\/v2\/users\/1"}],"replies":[{"embeddable":true,"href":"https:\/\/signature-selections.com\/uk\/wp-json\/wp\/v2\/comments?post=406"}],"version-history":[{"count":10,"href":"https:\/\/signature-selections.com\/uk\/wp-json\/wp\/v2\/pages\/406\/revisions"}],"predecessor-version":[{"id":575,"href":"https:\/\/signature-selections.com\/uk\/wp-json\/wp\/v2\/pages\/406\/revisions\/575"}],"wp:featuredmedia":[{"embeddable":true,"href":"https:\/\/signature-selections.com\/uk\/wp-json\/wp\/v2\/media\/407"}],"wp:attachment":[{"href":"https:\/\/signature-selections.com\/uk\/wp-json\/wp\/v2\/media?parent=406"}],"curies":[{"name":"wp","href":"https:\/\/api.w.org\/{rel}","templated":true}]}}