{"id":301,"date":"2020-05-15T18:16:21","date_gmt":"2020-05-15T16:16:21","guid":{"rendered":"https:\/\/signature-selections.com\/?page_id=301"},"modified":"2024-01-31T11:54:15","modified_gmt":"2024-01-31T10:54:15","slug":"nos-vins","status":"publish","type":"page","link":"https:\/\/signature-selections.com\/uk\/nos-vins\/","title":{"rendered":"Our Wines"},"content":{"rendered":"<p>[et_pb_section fb_built=\u00a0\u00bb1&Prime; _builder_version=\u00a0\u00bb4.16&Prime; background_image=\u00a0\u00bbhttps:\/\/signature-selections.com\/wp-content\/uploads\/2020\/05\/Vins-Signature.jpg\u00a0\u00bb custom_padding=\u00a0\u00bb0px||0px||true|false\u00a0\u00bb global_colors_info=\u00a0\u00bb{}\u00a0\u00bb][et_pb_row _builder_version=\u00a0\u00bb4.16&Prime; custom_padding=\u00a0\u00bb||325px|||\u00a0\u00bb global_colors_info=\u00a0\u00bb{}\u00a0\u00bb][et_pb_column type=\u00a0\u00bb4_4&Prime; _builder_version=\u00a0\u00bb4.16&Prime; global_colors_info=\u00a0\u00bb{}\u00a0\u00bb][et_pb_divider show_divider=\u00a0\u00bboff\u00a0\u00bb _builder_version=\u00a0\u00bb4.16&Prime; global_colors_info=\u00a0\u00bb{}\u00a0\u00bb][\/et_pb_divider][\/et_pb_column][\/et_pb_row][\/et_pb_section][et_pb_section fb_built=\u00a0\u00bb1&Prime; _builder_version=\u00a0\u00bb4.18.0&Prime; custom_padding=\u00a0\u00bb||0px|||\u00a0\u00bb animation_style=\u00a0\u00bbfade\u00a0\u00bb global_colors_info=\u00a0\u00bb{}\u00a0\u00bb][et_pb_row _builder_version=\u00a0\u00bb4.16&Prime; global_colors_info=\u00a0\u00bb{}\u00a0\u00bb][et_pb_column type=\u00a0\u00bb4_4&Prime; _builder_version=\u00a0\u00bb4.16&Prime; global_colors_info=\u00a0\u00bb{}\u00a0\u00bb][et_pb_text _builder_version=\u00a0\u00bb4.16&Prime; text_font=\u00a0\u00bb|600|||||||\u00a0\u00bb text_text_color=\u00a0\u00bb#b0976d\u00a0\u00bb text_letter_spacing=\u00a0\u00bb1px\u00a0\u00bb header_line_height=\u00a0\u00bb1.4em\u00a0\u00bb header_2_font_size=\u00a0\u00bb40px\u00a0\u00bb header_2_line_height=\u00a0\u00bb1.4em\u00a0\u00bb custom_margin=\u00a0\u00bb||5px|||\u00a0\u00bb global_colors_info=\u00a0\u00bb{}\u00a0\u00bb]<\/p>\n<p>ONE SIGNATURE, SEVERAL SELECTIONS<\/p>\n<h1>Our Wines<\/h1>\n<p>[\/et_pb_text][et_pb_divider color=\u00a0\u00bb#b0976d\u00a0\u00bb divider_weight=\u00a0\u00bb2px\u00a0\u00bb _builder_version=\u00a0\u00bb4.18.0&Prime; width=\u00a0\u00bb13%\u00a0\u00bb width_tablet=\u00a0\u00bb13%\u00a0\u00bb width_phone=\u00a0\u00bb45%\u00a0\u00bb width_last_edited=\u00a0\u00bbon|phone\u00a0\u00bb global_colors_info=\u00a0\u00bb{}\u00a0\u00bb][\/et_pb_divider][et_pb_text _builder_version=\u00a0\u00bb4.24.0&Prime; text_text_color=\u00a0\u00bb#1a1a3a\u00a0\u00bb text_line_height=\u00a0\u00bb1.6em\u00a0\u00bb header_3_font=\u00a0\u00bbMontserrat||||||||\u00a0\u00bb header_3_text_color=\u00a0\u00bb#b0976d\u00a0\u00bb header_3_font_size=\u00a0\u00bb21px\u00a0\u00bb hover_enabled=\u00a0\u00bb0&Prime; global_colors_info=\u00a0\u00bb{}\u00a0\u00bb sticky_enabled=\u00a0\u00bb0&Prime;]<\/p>\n<h3 style=\"text-align: left;\">GRANDS CRUS CLASS\u00c9S<\/h3>\n<p style=\"text-align: justify;\">Allocated to most of the Grands Crus of the Bordeaux region, we offer these crus both en primeur and deliverable. A true partner to the estates, we maintain relationships based on trust and respect for their wishes in terms of distribution and promotion.<\/p>\n<h3 style=\"text-align: left;\">CONFIDENTIAL TERROIRS<\/h3>\n<p style=\"text-align: justify;\">In addition to Bordeaux's finest terroirs, we've also discovered a number of fine signatures that we can now offer.<\/p>\n<h3 style=\"text-align: left;\">NAPA VALLEY WINES<\/h3>\n<p style=\"text-align: justify;\">We are official distributors of some very fine Californian brands.<\/p>\n<ul>\n<li style=\"text-align: justify;\">All our wines are stored at a customs-approved warehouse, under temperature control.<\/li>\n<li style=\"text-align: justify;\">Availability of many vintages of the Grands Vins distributed on the Place.<\/li>\n<li style=\"text-align: justify;\">Tax-free storage for an unlimited period.<\/li>\n<li style=\"text-align: justify;\">Guaranteed stock tracability.<\/li>\n<\/ul>\n<p>[\/et_pb_text][\/et_pb_column][\/et_pb_row][et_pb_row column_structure=\u00a0\u00bb1_3,1_3,1_3&Prime; _builder_version=\u00a0\u00bb4.18.0&Prime; custom_margin=\u00a0\u00bb0px|auto||auto||\u00a0\u00bb custom_padding=\u00a0\u00bb||1px|||\u00a0\u00bb animation_style=\u00a0\u00bbfade\u00a0\u00bb global_colors_info=\u00a0\u00bb{}\u00a0\u00bb][et_pb_column type=\u00a0\u00bb1_3&Prime; _builder_version=\u00a0\u00bb4.16&Prime; global_colors_info=\u00a0\u00bb{}\u00a0\u00bb][et_pb_image src=\u00a0\u00bbhttps:\/\/signature-selections.com\/wp-content\/uploads\/2020\/05\/Vins-signature-Cos-D-Estournel.jpg\u00a0\u00bb alt=\u00a0\u00bbVins Signature Cos D&rsquo;Estournel\u00a0\u00bb title_text=\u00a0\u00bbVins-signature-Cos-D-Estournel\u00a0\u00bb url=\u00a0\u00bb@ET-DC@eyJkeW5hbWljIjp0cnVlLCJjb250ZW50IjoicG9zdF9saW5rX3VybF9wYWdlIiwic2V0dGluZ3MiOnsicG9zdF9pZCI6IjU3MCJ9fQ==@\u00a0\u00bb use_overlay=\u00a0\u00bbon\u00a0\u00bb overlay_icon_color=\u00a0\u00bb#b0976d\u00a0\u00bb hover_overlay_color=\u00a0\u00bbrgba(241,241,238,0.3)\u00a0\u00bb _builder_version=\u00a0\u00bb4.18.0&Prime; _dynamic_attributes=\u00a0\u00bburl\u00a0\u00bb global_colors_info=\u00a0\u00bb{}\u00a0\u00bb][\/et_pb_image][et_pb_text _builder_version=\u00a0\u00bb4.18.0&Prime; text_font=\u00a0\u00bb|600|||||||\u00a0\u00bb text_text_color=\u00a0\u00bb#b0976d\u00a0\u00bb text_letter_spacing=\u00a0\u00bb1px\u00a0\u00bb header_2_font_size=\u00a0\u00bb22px\u00a0\u00bb header_2_line_height=\u00a0\u00bb1.7em\u00a0\u00bb header_3_font=\u00a0\u00bb||||||||\u00a0\u00bb header_3_line_height=\u00a0\u00bb1.7em\u00a0\u00bb custom_margin=\u00a0\u00bb||26px|||\u00a0\u00bb global_colors_info=\u00a0\u00bb{}\u00a0\u00bb]<\/p>\n<p style=\"text-align: center;\">AN EXCEPTIONAL RANGE<\/p>\n<h2 style=\"text-align: center;\">The Grands Crus class\u00e9s<\/h2>\n<p>[\/et_pb_text][et_pb_divider color=\u00a0\u00bb#b0976d\u00a0\u00bb divider_weight=\u00a0\u00bb2px\u00a0\u00bb _builder_version=\u00a0\u00bb4.18.0&Prime; width=\u00a0\u00bb39%\u00a0\u00bb width_tablet=\u00a0\u00bb39%\u00a0\u00bb width_phone=\u00a0\u00bb45%\u00a0\u00bb width_last_edited=\u00a0\u00bbon|phone\u00a0\u00bb module_alignment=\u00a0\u00bbcenter\u00a0\u00bb custom_margin=\u00a0\u00bb-10px||||false|false\u00a0\u00bb global_colors_info=\u00a0\u00bb{}\u00a0\u00bb][\/et_pb_divider][\/et_pb_column][et_pb_column type=\u00a0\u00bb1_3&Prime; _builder_version=\u00a0\u00bb4.16&Prime; global_colors_info=\u00a0\u00bb{}\u00a0\u00bb][et_pb_image src=\u00a0\u00bbhttps:\/\/signature-selections.com\/wp-content\/uploads\/2020\/05\/Chai-vins.jpg\u00a0\u00bb alt=\u00a0\u00bbCave \u00e0 vins\u00a0\u00bb title_text=\u00a0\u00bbChai-vins\u00a0\u00bb url=\u00a0\u00bb@ET-DC@eyJkeW5hbWljIjp0cnVlLCJjb250ZW50IjoicG9zdF9saW5rX3VybF9wYWdlIiwic2V0dGluZ3MiOnsicG9zdF9pZCI6IjY1NCJ9fQ==@\u00a0\u00bb use_overlay=\u00a0\u00bbon\u00a0\u00bb overlay_icon_color=\u00a0\u00bb#b0976d\u00a0\u00bb hover_overlay_color=\u00a0\u00bbrgba(241,241,238,0.3)\u00a0\u00bb _builder_version=\u00a0\u00bb4.18.0&Prime; _dynamic_attributes=\u00a0\u00bburl\u00a0\u00bb global_colors_info=\u00a0\u00bb{}\u00a0\u00bb][\/et_pb_image][et_pb_text _builder_version=\u00a0\u00bb4.20.2&Prime; text_font=\u00a0\u00bb|600|||||||\u00a0\u00bb text_text_color=\u00a0\u00bb#b0976d\u00a0\u00bb text_letter_spacing=\u00a0\u00bb1px\u00a0\u00bb header_2_font_size=\u00a0\u00bb22px\u00a0\u00bb header_2_line_height=\u00a0\u00bb1.7em\u00a0\u00bb header_3_font=\u00a0\u00bb||||||||\u00a0\u00bb header_3_line_height=\u00a0\u00bb1.7em\u00a0\u00bb custom_margin=\u00a0\u00bb||26px|||\u00a0\u00bb global_colors_info=\u00a0\u00bb{}\u00a0\u00bb]<\/p>\n<p style=\"text-align: center;\">UNIQUE WINES<\/p>\n<h2 style=\"text-align: center;\">Confidential Terroirs<\/h2>\n<p>[\/et_pb_text][et_pb_divider color=\u00a0\u00bb#b0976d\u00a0\u00bb divider_weight=\u00a0\u00bb2px\u00a0\u00bb _builder_version=\u00a0\u00bb4.16&Prime; width=\u00a0\u00bb39%\u00a0\u00bb width_tablet=\u00a0\u00bb39%\u00a0\u00bb width_phone=\u00a0\u00bb45%\u00a0\u00bb width_last_edited=\u00a0\u00bbon|phone\u00a0\u00bb module_alignment=\u00a0\u00bbcenter\u00a0\u00bb custom_margin=\u00a0\u00bb-10px||||false|false\u00a0\u00bb global_colors_info=\u00a0\u00bb{}\u00a0\u00bb][\/et_pb_divider][\/et_pb_column][et_pb_column type=\u00a0\u00bb1_3&Prime; _builder_version=\u00a0\u00bb4.16&Prime; global_colors_info=\u00a0\u00bb{}\u00a0\u00bb][et_pb_image src=\u00a0\u00bbhttps:\/\/signature-selections.com\/wp-content\/uploads\/2020\/05\/Napa-Valley.jpg\u00a0\u00bb alt=\u00a0\u00bbNapa Valley\u00a0\u00bb title_text=\u00a0\u00bbNapa-Valley\u00a0\u00bb url=\u00a0\u00bb@ET-DC@eyJkeW5hbWljIjp0cnVlLCJjb250ZW50IjoicG9zdF9saW5rX3VybF9wYWdlIiwic2V0dGluZ3MiOnsicG9zdF9pZCI6IjYwNiJ9fQ==@\u00a0\u00bb use_overlay=\u00a0\u00bbon\u00a0\u00bb overlay_icon_color=\u00a0\u00bb#b0976d\u00a0\u00bb hover_overlay_color=\u00a0\u00bbrgba(241,241,238,0.3)\u00a0\u00bb _builder_version=\u00a0\u00bb4.18.0&Prime; _dynamic_attributes=\u00a0\u00bburl\u00a0\u00bb global_colors_info=\u00a0\u00bb{}\u00a0\u00bb][\/et_pb_image][et_pb_text _builder_version=\u00a0\u00bb4.16&Prime; text_font=\u00a0\u00bb|600|||||||\u00a0\u00bb text_text_color=\u00a0\u00bb#b0976d\u00a0\u00bb text_letter_spacing=\u00a0\u00bb1px\u00a0\u00bb header_2_font_size=\u00a0\u00bb22px\u00a0\u00bb header_2_line_height=\u00a0\u00bb1.7em\u00a0\u00bb header_3_font=\u00a0\u00bb||||||||\u00a0\u00bb header_3_line_height=\u00a0\u00bb1.7em\u00a0\u00bb custom_margin=\u00a0\u00bb||26px|||\u00a0\u00bb global_colors_info=\u00a0\u00bb{}\u00a0\u00bb]<\/p>\n<p style=\"text-align: center;\">NEW WORLD WINES<\/p>\n<h2 style=\"text-align: center;\">Napa Valley<\/h2>\n<p>[\/et_pb_text][et_pb_divider color=\u00a0\u00bb#b0976d\u00a0\u00bb divider_weight=\u00a0\u00bb2px\u00a0\u00bb _builder_version=\u00a0\u00bb4.16&Prime; width=\u00a0\u00bb39%\u00a0\u00bb width_tablet=\u00a0\u00bb39%\u00a0\u00bb width_phone=\u00a0\u00bb45%\u00a0\u00bb width_last_edited=\u00a0\u00bbon|phone\u00a0\u00bb module_alignment=\u00a0\u00bbcenter\u00a0\u00bb custom_margin=\u00a0\u00bb-10px||||false|false\u00a0\u00bb global_colors_info=\u00a0\u00bb{}\u00a0\u00bb][\/et_pb_divider][\/et_pb_column][\/et_pb_row][\/et_pb_section][et_pb_section fb_built=\u00a0\u00bb1&Prime; _builder_version=\u00a0\u00bb4.16&Prime; custom_padding=\u00a0\u00bb3px||7px|||\u00a0\u00bb global_colors_info=\u00a0\u00bb{}\u00a0\u00bb][et_pb_row _builder_version=\u00a0\u00bb4.16&Prime; global_colors_info=\u00a0\u00bb{}\u00a0\u00bb][et_pb_column type=\u00a0\u00bb4_4&Prime; _builder_version=\u00a0\u00bb4.16&Prime; global_colors_info=\u00a0\u00bb{}\u00a0\u00bb][et_pb_text _builder_version=\u00a0\u00bb4.16&Prime; global_colors_info=\u00a0\u00bb{}\u00a0\u00bb]<\/p>\n<p style=\"text-align: center;\">Enjoy wine responsibly! The abuse of alcohol is dangerous for your health.<\/p>\n<p>[\/et_pb_text][\/et_pb_column][\/et_pb_row][\/et_pb_section]<\/p>","protected":false},"excerpt":{"rendered":"<p>UNE SIGNATURE, DES S\u00c9LECTIONS Nos vinsGRANDS CRUS CLASS\u00c9S Allocataire de la plupart des Grands Crus de la r\u00e9gion Bordelaise, nous proposons ces crus en primeurs comme en livrables. V\u00e9ritable partenaire des propri\u00e9t\u00e9s, nous entretenons des relations de confiance et de respect de leurs souhaits en terme de distribution et de promotion. TERROIRS CONFIDENTIELS Au-del\u00e0 des [&hellip;]<\/p>","protected":false},"author":1,"featured_media":302,"parent":0,"menu_order":0,"comment_status":"closed","ping_status":"closed","template":"","meta":{"_et_pb_use_builder":"on","_et_pb_old_content":"","_et_gb_content_width":"","footnotes":""},"class_list":["post-301","page","type-page","status-publish","has-post-thumbnail","hentry"],"yoast_head":"<!-- This site is optimized with the Yoast SEO plugin v25.1 - https:\/\/yoast.com\/wordpress\/plugins\/seo\/ -->\n<title>Notre selection de vins signature - Signature Selections<\/title>\n<meta name=\"robots\" content=\"index, follow, max-snippet:-1, max-image-preview:large, max-video-preview:-1\" \/>\n<link rel=\"canonical\" href=\"https:\/\/signature-selections.com\/uk\/nos-vins\/\" \/>\n<meta property=\"og:locale\" content=\"en_GB\" \/>\n<meta property=\"og:type\" content=\"article\" \/>\n<meta property=\"og:title\" content=\"Notre selection de vins signature - Signature Selections\" \/>\n<meta property=\"og:description\" content=\"UNE SIGNATURE, DES S\u00c9LECTIONS Nos vinsGRANDS CRUS CLASS\u00c9S Allocataire de la plupart des Grands Crus de la r\u00e9gion Bordelaise, nous proposons ces crus en primeurs comme en livrables. V\u00e9ritable partenaire des propri\u00e9t\u00e9s, nous entretenons des relations de confiance et de respect de leurs souhaits en terme de distribution et de promotion. TERROIRS CONFIDENTIELS Au-del\u00e0 des [&hellip;]\" \/>\n<meta property=\"og:url\" content=\"https:\/\/signature-selections.com\/uk\/nos-vins\/\" \/>\n<meta property=\"og:site_name\" content=\"Signature Selections\" \/>\n<meta property=\"article:publisher\" content=\"https:\/\/www.facebook.com\/signatureselectionswines\/\" \/>\n<meta property=\"article:modified_time\" content=\"2024-01-31T10:54:15+00:00\" \/>\n<meta property=\"og:image\" content=\"https:\/\/signature-selections.com\/wp-content\/uploads\/2020\/05\/Vins-Signature.jpg\" \/>\n\t<meta property=\"og:image:width\" content=\"1800\" \/>\n\t<meta property=\"og:image:height\" content=\"1200\" \/>\n\t<meta property=\"og:image:type\" content=\"image\/jpeg\" \/>\n<meta name=\"twitter:card\" content=\"summary_large_image\" \/>\n<meta name=\"twitter:label1\" content=\"Estimated reading time\" \/>\n\t<meta name=\"twitter:data1\" content=\"4 minutes\" \/>\n<script type=\"application\/ld+json\" class=\"yoast-schema-graph\">{\"@context\":\"https:\/\/schema.org\",\"@graph\":[{\"@type\":\"WebPage\",\"@id\":\"https:\/\/signature-selections.com\/nos-vins\/\",\"url\":\"https:\/\/signature-selections.com\/nos-vins\/\",\"name\":\"Notre selection de vins signature - Signature Selections\",\"isPartOf\":{\"@id\":\"https:\/\/signature-selections.com\/#website\"},\"primaryImageOfPage\":{\"@id\":\"https:\/\/signature-selections.com\/nos-vins\/#primaryimage\"},\"image\":{\"@id\":\"https:\/\/signature-selections.com\/nos-vins\/#primaryimage\"},\"thumbnailUrl\":\"https:\/\/signature-selections.com\/wp-content\/uploads\/2020\/05\/Vins-Signature.jpg\",\"datePublished\":\"2020-05-15T16:16:21+00:00\",\"dateModified\":\"2024-01-31T10:54:15+00:00\",\"breadcrumb\":{\"@id\":\"https:\/\/signature-selections.com\/nos-vins\/#breadcrumb\"},\"inLanguage\":\"en-GB\",\"potentialAction\":[{\"@type\":\"ReadAction\",\"target\":[\"https:\/\/signature-selections.com\/nos-vins\/\"]}]},{\"@type\":\"ImageObject\",\"inLanguage\":\"en-GB\",\"@id\":\"https:\/\/signature-selections.com\/nos-vins\/#primaryimage\",\"url\":\"https:\/\/signature-selections.com\/wp-content\/uploads\/2020\/05\/Vins-Signature.jpg\",\"contentUrl\":\"https:\/\/signature-selections.com\/wp-content\/uploads\/2020\/05\/Vins-Signature.jpg\",\"width\":1800,\"height\":1200,\"caption\":\"Vins Signature\"},{\"@type\":\"BreadcrumbList\",\"@id\":\"https:\/\/signature-selections.com\/nos-vins\/#breadcrumb\",\"itemListElement\":[{\"@type\":\"ListItem\",\"position\":1,\"name\":\"S\u00e9lection\",\"item\":\"https:\/\/signature-selections.com\/\"},{\"@type\":\"ListItem\",\"position\":2,\"name\":\"Nos Vins\"}]},{\"@type\":\"WebSite\",\"@id\":\"https:\/\/signature-selections.com\/#website\",\"url\":\"https:\/\/signature-selections.com\/\",\"name\":\"Signature Selections\",\"description\":\"N\u00e9gociant de vins \u00e0 Bordeaux\",\"publisher\":{\"@id\":\"https:\/\/signature-selections.com\/#organization\"},\"potentialAction\":[{\"@type\":\"SearchAction\",\"target\":{\"@type\":\"EntryPoint\",\"urlTemplate\":\"https:\/\/signature-selections.com\/?s={search_term_string}\"},\"query-input\":{\"@type\":\"PropertyValueSpecification\",\"valueRequired\":true,\"valueName\":\"search_term_string\"}}],\"inLanguage\":\"en-GB\"},{\"@type\":\"Organization\",\"@id\":\"https:\/\/signature-selections.com\/#organization\",\"name\":\"Signature Selections\",\"url\":\"https:\/\/signature-selections.com\/\",\"logo\":{\"@type\":\"ImageObject\",\"inLanguage\":\"en-GB\",\"@id\":\"https:\/\/signature-selections.com\/#\/schema\/logo\/image\/\",\"url\":\"https:\/\/signature-selections.com\/wp-content\/uploads\/2022\/10\/Logo-Signature-Selections.png\",\"contentUrl\":\"https:\/\/signature-selections.com\/wp-content\/uploads\/2022\/10\/Logo-Signature-Selections.png\",\"width\":600,\"height\":445,\"caption\":\"Signature Selections\"},\"image\":{\"@id\":\"https:\/\/signature-selections.com\/#\/schema\/logo\/image\/\"},\"sameAs\":[\"https:\/\/www.facebook.com\/signatureselectionswines\/\",\"https:\/\/www.instagram.com\/signature_selections\/?hl=fr\"]}]}<\/script>\n<!-- \/ Yoast SEO plugin. -->","yoast_head_json":{"title":"Notre selection de vins signature - Signature Selections","robots":{"index":"index","follow":"follow","max-snippet":"max-snippet:-1","max-image-preview":"max-image-preview:large","max-video-preview":"max-video-preview:-1"},"canonical":"https:\/\/signature-selections.com\/uk\/nos-vins\/","og_locale":"en_GB","og_type":"article","og_title":"Notre selection de vins signature - Signature Selections","og_description":"UNE SIGNATURE, DES S\u00c9LECTIONS Nos vinsGRANDS CRUS CLASS\u00c9S Allocataire de la plupart des Grands Crus de la r\u00e9gion Bordelaise, nous proposons ces crus en primeurs comme en livrables. V\u00e9ritable partenaire des propri\u00e9t\u00e9s, nous entretenons des relations de confiance et de respect de leurs souhaits en terme de distribution et de promotion. TERROIRS CONFIDENTIELS Au-del\u00e0 des [&hellip;]","og_url":"https:\/\/signature-selections.com\/uk\/nos-vins\/","og_site_name":"Signature Selections","article_publisher":"https:\/\/www.facebook.com\/signatureselectionswines\/","article_modified_time":"2024-01-31T10:54:15+00:00","og_image":[{"width":1800,"height":1200,"url":"https:\/\/signature-selections.com\/wp-content\/uploads\/2020\/05\/Vins-Signature.jpg","type":"image\/jpeg"}],"twitter_card":"summary_large_image","twitter_misc":{"Estimated reading time":"4 minutes"},"schema":{"@context":"https:\/\/schema.org","@graph":[{"@type":"WebPage","@id":"https:\/\/signature-selections.com\/nos-vins\/","url":"https:\/\/signature-selections.com\/nos-vins\/","name":"Notre selection de vins signature - Signature Selections","isPartOf":{"@id":"https:\/\/signature-selections.com\/#website"},"primaryImageOfPage":{"@id":"https:\/\/signature-selections.com\/nos-vins\/#primaryimage"},"image":{"@id":"https:\/\/signature-selections.com\/nos-vins\/#primaryimage"},"thumbnailUrl":"https:\/\/signature-selections.com\/wp-content\/uploads\/2020\/05\/Vins-Signature.jpg","datePublished":"2020-05-15T16:16:21+00:00","dateModified":"2024-01-31T10:54:15+00:00","breadcrumb":{"@id":"https:\/\/signature-selections.com\/nos-vins\/#breadcrumb"},"inLanguage":"en-GB","potentialAction":[{"@type":"ReadAction","target":["https:\/\/signature-selections.com\/nos-vins\/"]}]},{"@type":"ImageObject","inLanguage":"en-GB","@id":"https:\/\/signature-selections.com\/nos-vins\/#primaryimage","url":"https:\/\/signature-selections.com\/wp-content\/uploads\/2020\/05\/Vins-Signature.jpg","contentUrl":"https:\/\/signature-selections.com\/wp-content\/uploads\/2020\/05\/Vins-Signature.jpg","width":1800,"height":1200,"caption":"Vins Signature"},{"@type":"BreadcrumbList","@id":"https:\/\/signature-selections.com\/nos-vins\/#breadcrumb","itemListElement":[{"@type":"ListItem","position":1,"name":"S\u00e9lection","item":"https:\/\/signature-selections.com\/"},{"@type":"ListItem","position":2,"name":"Nos Vins"}]},{"@type":"WebSite","@id":"https:\/\/signature-selections.com\/#website","url":"https:\/\/signature-selections.com\/","name":"Signature Selections","description":"N\u00e9gociant de vins \u00e0 Bordeaux","publisher":{"@id":"https:\/\/signature-selections.com\/#organization"},"potentialAction":[{"@type":"SearchAction","target":{"@type":"EntryPoint","urlTemplate":"https:\/\/signature-selections.com\/?s={search_term_string}"},"query-input":{"@type":"PropertyValueSpecification","valueRequired":true,"valueName":"search_term_string"}}],"inLanguage":"en-GB"},{"@type":"Organization","@id":"https:\/\/signature-selections.com\/#organization","name":"Signature Selections","url":"https:\/\/signature-selections.com\/","logo":{"@type":"ImageObject","inLanguage":"en-GB","@id":"https:\/\/signature-selections.com\/#\/schema\/logo\/image\/","url":"https:\/\/signature-selections.com\/wp-content\/uploads\/2022\/10\/Logo-Signature-Selections.png","contentUrl":"https:\/\/signature-selections.com\/wp-content\/uploads\/2022\/10\/Logo-Signature-Selections.png","width":600,"height":445,"caption":"Signature Selections"},"image":{"@id":"https:\/\/signature-selections.com\/#\/schema\/logo\/image\/"},"sameAs":["https:\/\/www.facebook.com\/signatureselectionswines\/","https:\/\/www.instagram.com\/signature_selections\/?hl=fr"]}]}},"_links":{"self":[{"href":"https:\/\/signature-selections.com\/uk\/wp-json\/wp\/v2\/pages\/301","targetHints":{"allow":["GET"]}}],"collection":[{"href":"https:\/\/signature-selections.com\/uk\/wp-json\/wp\/v2\/pages"}],"about":[{"href":"https:\/\/signature-selections.com\/uk\/wp-json\/wp\/v2\/types\/page"}],"author":[{"embeddable":true,"href":"https:\/\/signature-selections.com\/uk\/wp-json\/wp\/v2\/users\/1"}],"replies":[{"embeddable":true,"href":"https:\/\/signature-selections.com\/uk\/wp-json\/wp\/v2\/comments?post=301"}],"version-history":[{"count":25,"href":"https:\/\/signature-selections.com\/uk\/wp-json\/wp\/v2\/pages\/301\/revisions"}],"predecessor-version":[{"id":982,"href":"https:\/\/signature-selections.com\/uk\/wp-json\/wp\/v2\/pages\/301\/revisions\/982"}],"wp:featuredmedia":[{"embeddable":true,"href":"https:\/\/signature-selections.com\/uk\/wp-json\/wp\/v2\/media\/302"}],"wp:attachment":[{"href":"https:\/\/signature-selections.com\/uk\/wp-json\/wp\/v2\/media?parent=301"}],"curies":[{"name":"wp","href":"https:\/\/api.w.org\/{rel}","templated":true}]}}