{"id":131,"date":"2020-05-11T21:36:51","date_gmt":"2020-05-11T19:36:51","guid":{"rendered":"https:\/\/signature-selections.com\/?page_id=131"},"modified":"2024-01-31T23:08:40","modified_gmt":"2024-01-31T22:08:40","slug":"contact","status":"publish","type":"page","link":"https:\/\/signature-selections.com\/uk\/contact\/","title":{"rendered":"Contact"},"content":{"rendered":"<p>[et_pb_section fb_built=\u00a0\u00bb1&Prime; _builder_version=\u00a0\u00bb4.16&Prime; background_image=\u00a0\u00bbhttps:\/\/signature-selections.com\/wp-content\/uploads\/2020\/05\/Vignes-Bordelais.jpg\u00a0\u00bb custom_padding=\u00a0\u00bb0px||0px||true|false\u00a0\u00bb global_colors_info=\u00a0\u00bb{}\u00a0\u00bb][et_pb_row _builder_version=\u00a0\u00bb4.16&Prime; custom_padding=\u00a0\u00bb||325px|||\u00a0\u00bb global_colors_info=\u00a0\u00bb{}\u00a0\u00bb][et_pb_column type=\u00a0\u00bb4_4&Prime; _builder_version=\u00a0\u00bb4.16&Prime; global_colors_info=\u00a0\u00bb{}\u00a0\u00bb][et_pb_divider show_divider=\u00a0\u00bboff\u00a0\u00bb _builder_version=\u00a0\u00bb4.16&Prime; global_colors_info=\u00a0\u00bb{}\u00a0\u00bb][\/et_pb_divider][\/et_pb_column][\/et_pb_row][\/et_pb_section][et_pb_section fb_built=\u00a0\u00bb1&Prime; _builder_version=\u00a0\u00bb4.16&Prime; global_colors_info=\u00a0\u00bb{}\u00a0\u00bb][et_pb_row column_structure=\u00a0\u00bb1_2,1_2&Prime; _builder_version=\u00a0\u00bb4.16&Prime; global_colors_info=\u00a0\u00bb{}\u00a0\u00bb][et_pb_column type=\u00a0\u00bb1_2&Prime; _builder_version=\u00a0\u00bb4.16&Prime; global_colors_info=\u00a0\u00bb{}\u00a0\u00bb][et_pb_text _builder_version=\u00a0\u00bb4.16&Prime; text_font=\u00a0\u00bb|600|||||||\u00a0\u00bb text_text_color=\u00a0\u00bb#b0976d\u00a0\u00bb text_letter_spacing=\u00a0\u00bb1px\u00a0\u00bb header_line_height=\u00a0\u00bb1.4em\u00a0\u00bb header_2_font_size=\u00a0\u00bb40px\u00a0\u00bb header_2_line_height=\u00a0\u00bb1.4em\u00a0\u00bb custom_margin=\u00a0\u00bb||5px|||\u00a0\u00bb global_colors_info=\u00a0\u00bb{}\u00a0\u00bb]<\/p>\n<p>SIGNATURE SELECTIONS<\/p>\n<h1>Contact<\/h1>\n<p>[\/et_pb_text][et_pb_divider color=\u00a0\u00bb#b0976d\u00a0\u00bb divider_weight=\u00a0\u00bb2px\u00a0\u00bb _builder_version=\u00a0\u00bb4.16&Prime; width=\u00a0\u00bb27%\u00a0\u00bb global_colors_info=\u00a0\u00bb{}\u00a0\u00bb][\/et_pb_divider][et_pb_text _builder_version=\u00a0\u00bb4.16&Prime; text_text_color=\u00a0\u00bb#1a1a3a\u00a0\u00bb global_colors_info=\u00a0\u00bb{}\u00a0\u00bb]<\/p>\n<p>1 rue du Bocage<br \/>33200 Bordeaux<br \/>FRANCE<\/p>\n<p>T. +33 (0)5 56 08 19 54<\/p>\n<p><a href=\"mailto:k.nasser@signature-selections.com\">k.nasser@signature-selections.com<\/a><\/p>\n<p>[\/et_pb_text][\/et_pb_column][et_pb_column type=\u00a0\u00bb1_2&Prime; _builder_version=\u00a0\u00bb4.16&Prime; global_colors_info=\u00a0\u00bb{}\u00a0\u00bb][et_pb_code _builder_version=\u00a0\u00bb4.16&Prime; global_colors_info=\u00a0\u00bb{}\u00a0\u00bb]<iframe src=\"https:\/\/www.google.com\/maps\/embed?pb=!1m18!1m12!1m3!1d2828.620033083801!2d-0.6033274844735783!3d44.8496708822575!2m3!1f0!2f0!3f0!3m2!1i1024!2i768!4f13.1!3m3!1m2!1s0xd5528001b71fb9d%3A0xd774d3ba68d600c6!2s1%20Rue%20du%20Bocage%2C%2033200%20Bordeaux!5e0!3m2!1sfr!2sfr!4v1634247260926!5m2!1sfr!2sfr\" width=\"600\" height=\"350\" style=\"border:0;\" allowfullscreen=\"\" loading=\"lazy\"><\/iframe>[\/et_pb_code][\/et_pb_column][\/et_pb_row][et_pb_row column_structure=\u00a0\u00bb1_2,1_2&Prime; use_custom_gutter=\u00a0\u00bbon\u00a0\u00bb gutter_width=\u00a0\u00bb1&Prime; make_equal=\u00a0\u00bbon\u00a0\u00bb _builder_version=\u00a0\u00bb4.16&Prime; background_color=\u00a0\u00bb#f1f1ee\u00a0\u00bb width=\u00a0\u00bb100%\u00a0\u00bb custom_margin=\u00a0\u00bb50px|auto||auto|false|false\u00a0\u00bb custom_padding=\u00a0\u00bb0px||0px|||\u00a0\u00bb global_colors_info=\u00a0\u00bb{}\u00a0\u00bb][et_pb_column type=\u00a0\u00bb1_2&Prime; _builder_version=\u00a0\u00bb4.16&Prime; global_colors_info=\u00a0\u00bb{}\u00a0\u00bb][et_pb_slider show_arrows=\u00a0\u00bboff\u00a0\u00bb show_pagination=\u00a0\u00bboff\u00a0\u00bb arrows_custom_color=\u00a0\u00bb#f1f1ee\u00a0\u00bb _builder_version=\u00a0\u00bb4.16&Prime; custom_padding=\u00a0\u00bb||514px|||\u00a0\u00bb animation_style=\u00a0\u00bbfade\u00a0\u00bb auto=\u00a0\u00bbon\u00a0\u00bb auto_speed=\u00a0\u00bb4500&Prime; global_colors_info=\u00a0\u00bb{}\u00a0\u00bb][et_pb_slide _builder_version=\u00a0\u00bb4.16&Prime; background_enable_color=\u00a0\u00bboff\u00a0\u00bb background_image=\u00a0\u00bbhttps:\/\/signature-selections.com\/wp-content\/uploads\/2020\/05\/Book-Signature-Selections.jpg\u00a0\u00bb background_enable_image=\u00a0\u00bbon\u00a0\u00bb global_colors_info=\u00a0\u00bb{}\u00a0\u00bb sticky_transition=\u00a0\u00bbon\u00a0\u00bb][\/et_pb_slide][\/et_pb_slider][\/et_pb_column][et_pb_column type=\u00a0\u00bb1_2&Prime; _builder_version=\u00a0\u00bb4.16&Prime; custom_padding=\u00a0\u00bb|||60px|false|false\u00a0\u00bb global_colors_info=\u00a0\u00bb{}\u00a0\u00bb][et_pb_text _builder_version=\u00a0\u00bb4.16&Prime; text_font=\u00a0\u00bb|600|||||||\u00a0\u00bb text_text_color=\u00a0\u00bb#b0976d\u00a0\u00bb text_letter_spacing=\u00a0\u00bb1px\u00a0\u00bb header_2_font_size=\u00a0\u00bb40px\u00a0\u00bb header_2_line_height=\u00a0\u00bb1.4em\u00a0\u00bb custom_margin=\u00a0\u00bb48px||5px|||\u00a0\u00bb custom_margin_tablet=\u00a0\u00bb\u00a0\u00bb custom_margin_phone=\u00a0\u00bb39px||5px||false|false\u00a0\u00bb custom_margin_last_edited=\u00a0\u00bbon|phone\u00a0\u00bb global_colors_info=\u00a0\u00bb{}\u00a0\u00bb]<\/p>\n<p>DON'T HESITATE TO CONTACT US<\/p>\n<h2>Contact form<\/h2>\n<p>[\/et_pb_text][et_pb_divider color=\u00a0\u00bb#b0976d\u00a0\u00bb divider_weight=\u00a0\u00bb2px\u00a0\u00bb _builder_version=\u00a0\u00bb4.18.0&Prime; width=\u00a0\u00bb27%\u00a0\u00bb width_tablet=\u00a0\u00bb27%\u00a0\u00bb width_phone=\u00a0\u00bb45%\u00a0\u00bb width_last_edited=\u00a0\u00bbon|phone\u00a0\u00bb custom_margin=\u00a0\u00bb|-1px||||\u00a0\u00bb global_colors_info=\u00a0\u00bb{}\u00a0\u00bb][\/et_pb_divider][et_pb_contact_form email=\u00a0\u00bbk.nasser@signature-selection.com\u00a0\u00bb custom_message=\u00a0\u00bbNom : %%Name%%||et_pb_line_break_holder||Pr\u00e9nom : %%Prenom%%||et_pb_line_break_holder||Adresse mail : %%Email%%||et_pb_line_break_holder||Message : %%Message%%\u00a0\u00bb success_message=\u00a0\u00bbNous avons bien re\u00e7u votre message, nous vous r\u00e9pondons dans les meilleurs d\u00e9lais.\u00a0\u00bb submit_button_text=\u00a0\u00bbEnvoyer\u00a0\u00bb _builder_version=\u00a0\u00bb4.24.0&Prime; _unique_id=\u00a0\u00bb03379c14-9025-4322-a8b4-33a3aaddc238&Prime; form_field_background_color=\u00a0\u00bb#ffffff\u00a0\u00bb form_field_text_color=\u00a0\u00bb#b2b2b2&Prime; form_field_font_size=\u00a0\u00bb13px\u00a0\u00bb custom_button=\u00a0\u00bbon\u00a0\u00bb button_text_size=\u00a0\u00bb16px\u00a0\u00bb button_text_color=\u00a0\u00bb#b0976d\u00a0\u00bb button_border_radius=\u00a0\u00bb1px\u00a0\u00bb button_letter_spacing=\u00a0\u00bb1px\u00a0\u00bb button_font=\u00a0\u00bb|||on|||||\u00a0\u00bb custom_margin=\u00a0\u00bb45px||||false|false\u00a0\u00bb custom_margin_tablet=\u00a0\u00bb\u00a0\u00bb custom_margin_phone=\u00a0\u00bb||34px||false|false\u00a0\u00bb custom_margin_last_edited=\u00a0\u00bbon|phone\u00a0\u00bb custom_padding=\u00a0\u00bb|60px||||\u00a0\u00bb hover_enabled=\u00a0\u00bb0&Prime; global_colors_info=\u00a0\u00bb{}\u00a0\u00bb sticky_enabled=\u00a0\u00bb0&Prime;][et_pb_contact_field field_id=\u00a0\u00bbName\u00a0\u00bb field_title=\u00a0\u00bbNom\u00a0\u00bb _builder_version=\u00a0\u00bb4.16&Prime; global_colors_info=\u00a0\u00bb{}\u00a0\u00bb button_text_size__hover_enabled=\u00a0\u00bboff\u00a0\u00bb button_one_text_size__hover_enabled=\u00a0\u00bboff\u00a0\u00bb button_two_text_size__hover_enabled=\u00a0\u00bboff\u00a0\u00bb button_text_color__hover_enabled=\u00a0\u00bboff\u00a0\u00bb button_one_text_color__hover_enabled=\u00a0\u00bboff\u00a0\u00bb button_two_text_color__hover_enabled=\u00a0\u00bboff\u00a0\u00bb button_border_width__hover_enabled=\u00a0\u00bboff\u00a0\u00bb button_one_border_width__hover_enabled=\u00a0\u00bboff\u00a0\u00bb button_two_border_width__hover_enabled=\u00a0\u00bboff\u00a0\u00bb button_border_color__hover_enabled=\u00a0\u00bboff\u00a0\u00bb button_one_border_color__hover_enabled=\u00a0\u00bboff\u00a0\u00bb button_two_border_color__hover_enabled=\u00a0\u00bboff\u00a0\u00bb button_border_radius__hover_enabled=\u00a0\u00bboff\u00a0\u00bb button_one_border_radius__hover_enabled=\u00a0\u00bboff\u00a0\u00bb button_two_border_radius__hover_enabled=\u00a0\u00bboff\u00a0\u00bb button_letter_spacing__hover_enabled=\u00a0\u00bboff\u00a0\u00bb button_one_letter_spacing__hover_enabled=\u00a0\u00bboff\u00a0\u00bb button_two_letter_spacing__hover_enabled=\u00a0\u00bboff\u00a0\u00bb button_bg_color__hover_enabled=\u00a0\u00bboff\u00a0\u00bb button_one_bg_color__hover_enabled=\u00a0\u00bboff\u00a0\u00bb button_two_bg_color__hover_enabled=\u00a0\u00bboff\u00a0\u00bb][\/et_pb_contact_field][et_pb_contact_field field_id=\u00a0\u00bbPrenom\u00a0\u00bb field_title=\u00a0\u00bbPr\u00e9nom\u00a0\u00bb _builder_version=\u00a0\u00bb4.16&Prime; global_colors_info=\u00a0\u00bb{}\u00a0\u00bb][\/et_pb_contact_field][et_pb_contact_field field_id=\u00a0\u00bbEmail\u00a0\u00bb field_title=\u00a0\u00bbAdresse e-mail\u00a0\u00bb field_type=\u00a0\u00bbemail\u00a0\u00bb fullwidth_field=\u00a0\u00bbon\u00a0\u00bb _builder_version=\u00a0\u00bb4.16&Prime; global_colors_info=\u00a0\u00bb{}\u00a0\u00bb button_text_size__hover_enabled=\u00a0\u00bboff\u00a0\u00bb button_one_text_size__hover_enabled=\u00a0\u00bboff\u00a0\u00bb button_two_text_size__hover_enabled=\u00a0\u00bboff\u00a0\u00bb button_text_color__hover_enabled=\u00a0\u00bboff\u00a0\u00bb button_one_text_color__hover_enabled=\u00a0\u00bboff\u00a0\u00bb button_two_text_color__hover_enabled=\u00a0\u00bboff\u00a0\u00bb button_border_width__hover_enabled=\u00a0\u00bboff\u00a0\u00bb button_one_border_width__hover_enabled=\u00a0\u00bboff\u00a0\u00bb button_two_border_width__hover_enabled=\u00a0\u00bboff\u00a0\u00bb button_border_color__hover_enabled=\u00a0\u00bboff\u00a0\u00bb button_one_border_color__hover_enabled=\u00a0\u00bboff\u00a0\u00bb button_two_border_color__hover_enabled=\u00a0\u00bboff\u00a0\u00bb button_border_radius__hover_enabled=\u00a0\u00bboff\u00a0\u00bb button_one_border_radius__hover_enabled=\u00a0\u00bboff\u00a0\u00bb button_two_border_radius__hover_enabled=\u00a0\u00bboff\u00a0\u00bb button_letter_spacing__hover_enabled=\u00a0\u00bboff\u00a0\u00bb button_one_letter_spacing__hover_enabled=\u00a0\u00bboff\u00a0\u00bb button_two_letter_spacing__hover_enabled=\u00a0\u00bboff\u00a0\u00bb button_bg_color__hover_enabled=\u00a0\u00bboff\u00a0\u00bb button_one_bg_color__hover_enabled=\u00a0\u00bboff\u00a0\u00bb button_two_bg_color__hover_enabled=\u00a0\u00bboff\u00a0\u00bb][\/et_pb_contact_field][et_pb_contact_field field_id=\u00a0\u00bbMessage\u00a0\u00bb field_title=\u00a0\u00bbMessage\u00a0\u00bb field_type=\u00a0\u00bbtext\u00a0\u00bb fullwidth_field=\u00a0\u00bbon\u00a0\u00bb _builder_version=\u00a0\u00bb4.16&Prime; global_colors_info=\u00a0\u00bb{}\u00a0\u00bb button_text_size__hover_enabled=\u00a0\u00bboff\u00a0\u00bb button_one_text_size__hover_enabled=\u00a0\u00bboff\u00a0\u00bb button_two_text_size__hover_enabled=\u00a0\u00bboff\u00a0\u00bb button_text_color__hover_enabled=\u00a0\u00bboff\u00a0\u00bb button_one_text_color__hover_enabled=\u00a0\u00bboff\u00a0\u00bb button_two_text_color__hover_enabled=\u00a0\u00bboff\u00a0\u00bb button_border_width__hover_enabled=\u00a0\u00bboff\u00a0\u00bb button_one_border_width__hover_enabled=\u00a0\u00bboff\u00a0\u00bb button_two_border_width__hover_enabled=\u00a0\u00bboff\u00a0\u00bb button_border_color__hover_enabled=\u00a0\u00bboff\u00a0\u00bb button_one_border_color__hover_enabled=\u00a0\u00bboff\u00a0\u00bb button_two_border_color__hover_enabled=\u00a0\u00bboff\u00a0\u00bb button_border_radius__hover_enabled=\u00a0\u00bboff\u00a0\u00bb button_one_border_radius__hover_enabled=\u00a0\u00bboff\u00a0\u00bb button_two_border_radius__hover_enabled=\u00a0\u00bboff\u00a0\u00bb button_letter_spacing__hover_enabled=\u00a0\u00bboff\u00a0\u00bb button_one_letter_spacing__hover_enabled=\u00a0\u00bboff\u00a0\u00bb button_two_letter_spacing__hover_enabled=\u00a0\u00bboff\u00a0\u00bb button_bg_color__hover_enabled=\u00a0\u00bboff\u00a0\u00bb button_one_bg_color__hover_enabled=\u00a0\u00bboff\u00a0\u00bb button_two_bg_color__hover_enabled=\u00a0\u00bboff\u00a0\u00bb][\/et_pb_contact_field][\/et_pb_contact_form][\/et_pb_column][\/et_pb_row][\/et_pb_section][et_pb_section fb_built=\u00a0\u00bb1&Prime; _builder_version=\u00a0\u00bb4.16&Prime; custom_padding=\u00a0\u00bb3px||7px|||\u00a0\u00bb global_colors_info=\u00a0\u00bb{}\u00a0\u00bb][et_pb_row _builder_version=\u00a0\u00bb4.16&Prime; global_colors_info=\u00a0\u00bb{}\u00a0\u00bb][et_pb_column type=\u00a0\u00bb4_4&Prime; _builder_version=\u00a0\u00bb4.16&Prime; global_colors_info=\u00a0\u00bb{}\u00a0\u00bb][et_pb_text _builder_version=\u00a0\u00bb4.16&Prime; global_colors_info=\u00a0\u00bb{}\u00a0\u00bb]<\/p>\n<p style=\"text-align: center;\">Enjoy wine responsibly! The abuse of alcohol is dangerous for your health.<\/p>\n<p>[\/et_pb_text][\/et_pb_column][\/et_pb_row][\/et_pb_section]<\/p>","protected":false},"excerpt":{"rendered":"<p>SIGNATURE S\u00c9LECTIONS Contact1 rue du Bocage33200 BordeauxFRANCE T. +33 (0)5 56 08 19 54 k.nasser@signature-selections.comN&rsquo;H\u00c9SITEZ PAS \u00c0 NOUS SOLLICITER Formulaire de contactL&rsquo;abus d&rsquo;alcool est dangereux pour la sant\u00e9, \u00e0 consommer avec mod\u00e9ration.<\/p>","protected":false},"author":1,"featured_media":230,"parent":0,"menu_order":0,"comment_status":"closed","ping_status":"closed","template":"","meta":{"_et_pb_use_builder":"on","_et_pb_old_content":"","_et_gb_content_width":"","footnotes":""},"class_list":["post-131","page","type-page","status-publish","has-post-thumbnail","hentry"],"yoast_head":"<!-- This site is optimized with the Yoast SEO plugin v25.1 - https:\/\/yoast.com\/wordpress\/plugins\/seo\/ -->\n<title>Contact - Signature Selections<\/title>\n<meta name=\"description\" content=\"Remplissez notre formulaire de contact, que vous soyez n\u00e9gociant, importateur ou caviste, nous mettons notre expertise \u00e0 votre service.\" \/>\n<meta name=\"robots\" content=\"index, follow, max-snippet:-1, max-image-preview:large, max-video-preview:-1\" \/>\n<link rel=\"canonical\" href=\"https:\/\/signature-selections.com\/uk\/contact\/\" \/>\n<meta property=\"og:locale\" content=\"en_GB\" \/>\n<meta property=\"og:type\" content=\"article\" \/>\n<meta property=\"og:title\" content=\"Contact - Signature Selections\" \/>\n<meta property=\"og:description\" content=\"Remplissez notre formulaire de contact, que vous soyez n\u00e9gociant, importateur ou caviste, nous mettons notre expertise \u00e0 votre service.\" \/>\n<meta property=\"og:url\" content=\"https:\/\/signature-selections.com\/uk\/contact\/\" \/>\n<meta property=\"og:site_name\" content=\"Signature Selections\" \/>\n<meta property=\"article:publisher\" content=\"https:\/\/www.facebook.com\/signatureselectionswines\/\" \/>\n<meta property=\"article:modified_time\" content=\"2024-01-31T22:08:40+00:00\" \/>\n<meta property=\"og:image\" content=\"https:\/\/signature-selections.com\/wp-content\/uploads\/2020\/05\/Book-Signature-Selections.jpg\" \/>\n\t<meta property=\"og:image:width\" content=\"1000\" \/>\n\t<meta property=\"og:image:height\" content=\"751\" \/>\n\t<meta property=\"og:image:type\" content=\"image\/jpeg\" \/>\n<meta name=\"twitter:card\" content=\"summary_large_image\" \/>\n<meta name=\"twitter:label1\" content=\"Estimated reading time\" \/>\n\t<meta name=\"twitter:data1\" content=\"6 minutes\" \/>\n<script type=\"application\/ld+json\" class=\"yoast-schema-graph\">{\"@context\":\"https:\/\/schema.org\",\"@graph\":[{\"@type\":\"WebPage\",\"@id\":\"https:\/\/signature-selections.com\/contact\/\",\"url\":\"https:\/\/signature-selections.com\/contact\/\",\"name\":\"Contact - Signature Selections\",\"isPartOf\":{\"@id\":\"https:\/\/signature-selections.com\/#website\"},\"primaryImageOfPage\":{\"@id\":\"https:\/\/signature-selections.com\/contact\/#primaryimage\"},\"image\":{\"@id\":\"https:\/\/signature-selections.com\/contact\/#primaryimage\"},\"thumbnailUrl\":\"https:\/\/signature-selections.com\/wp-content\/uploads\/2020\/05\/Book-Signature-Selections.jpg\",\"datePublished\":\"2020-05-11T19:36:51+00:00\",\"dateModified\":\"2024-01-31T22:08:40+00:00\",\"description\":\"Remplissez notre formulaire de contact, que vous soyez n\u00e9gociant, importateur ou caviste, nous mettons notre expertise \u00e0 votre service.\",\"breadcrumb\":{\"@id\":\"https:\/\/signature-selections.com\/contact\/#breadcrumb\"},\"inLanguage\":\"en-GB\",\"potentialAction\":[{\"@type\":\"ReadAction\",\"target\":[\"https:\/\/signature-selections.com\/contact\/\"]}]},{\"@type\":\"ImageObject\",\"inLanguage\":\"en-GB\",\"@id\":\"https:\/\/signature-selections.com\/contact\/#primaryimage\",\"url\":\"https:\/\/signature-selections.com\/wp-content\/uploads\/2020\/05\/Book-Signature-Selections.jpg\",\"contentUrl\":\"https:\/\/signature-selections.com\/wp-content\/uploads\/2020\/05\/Book-Signature-Selections.jpg\",\"width\":1000,\"height\":751,\"caption\":\"Contact Signature Selections\"},{\"@type\":\"BreadcrumbList\",\"@id\":\"https:\/\/signature-selections.com\/contact\/#breadcrumb\",\"itemListElement\":[{\"@type\":\"ListItem\",\"position\":1,\"name\":\"S\u00e9lection\",\"item\":\"https:\/\/signature-selections.com\/\"},{\"@type\":\"ListItem\",\"position\":2,\"name\":\"Contact\"}]},{\"@type\":\"WebSite\",\"@id\":\"https:\/\/signature-selections.com\/#website\",\"url\":\"https:\/\/signature-selections.com\/\",\"name\":\"Signature Selections\",\"description\":\"N\u00e9gociant de vins \u00e0 Bordeaux\",\"publisher\":{\"@id\":\"https:\/\/signature-selections.com\/#organization\"},\"potentialAction\":[{\"@type\":\"SearchAction\",\"target\":{\"@type\":\"EntryPoint\",\"urlTemplate\":\"https:\/\/signature-selections.com\/?s={search_term_string}\"},\"query-input\":{\"@type\":\"PropertyValueSpecification\",\"valueRequired\":true,\"valueName\":\"search_term_string\"}}],\"inLanguage\":\"en-GB\"},{\"@type\":\"Organization\",\"@id\":\"https:\/\/signature-selections.com\/#organization\",\"name\":\"Signature Selections\",\"url\":\"https:\/\/signature-selections.com\/\",\"logo\":{\"@type\":\"ImageObject\",\"inLanguage\":\"en-GB\",\"@id\":\"https:\/\/signature-selections.com\/#\/schema\/logo\/image\/\",\"url\":\"https:\/\/signature-selections.com\/wp-content\/uploads\/2022\/10\/Logo-Signature-Selections.png\",\"contentUrl\":\"https:\/\/signature-selections.com\/wp-content\/uploads\/2022\/10\/Logo-Signature-Selections.png\",\"width\":600,\"height\":445,\"caption\":\"Signature Selections\"},\"image\":{\"@id\":\"https:\/\/signature-selections.com\/#\/schema\/logo\/image\/\"},\"sameAs\":[\"https:\/\/www.facebook.com\/signatureselectionswines\/\",\"https:\/\/www.instagram.com\/signature_selections\/?hl=fr\"]}]}<\/script>\n<!-- \/ Yoast SEO plugin. -->","yoast_head_json":{"title":"Contact - Signature Selections","description":"Remplissez notre formulaire de contact, que vous soyez n\u00e9gociant, importateur ou caviste, nous mettons notre expertise \u00e0 votre service.","robots":{"index":"index","follow":"follow","max-snippet":"max-snippet:-1","max-image-preview":"max-image-preview:large","max-video-preview":"max-video-preview:-1"},"canonical":"https:\/\/signature-selections.com\/uk\/contact\/","og_locale":"en_GB","og_type":"article","og_title":"Contact - Signature Selections","og_description":"Remplissez notre formulaire de contact, que vous soyez n\u00e9gociant, importateur ou caviste, nous mettons notre expertise \u00e0 votre service.","og_url":"https:\/\/signature-selections.com\/uk\/contact\/","og_site_name":"Signature Selections","article_publisher":"https:\/\/www.facebook.com\/signatureselectionswines\/","article_modified_time":"2024-01-31T22:08:40+00:00","og_image":[{"width":1000,"height":751,"url":"https:\/\/signature-selections.com\/wp-content\/uploads\/2020\/05\/Book-Signature-Selections.jpg","type":"image\/jpeg"}],"twitter_card":"summary_large_image","twitter_misc":{"Estimated reading time":"6 minutes"},"schema":{"@context":"https:\/\/schema.org","@graph":[{"@type":"WebPage","@id":"https:\/\/signature-selections.com\/contact\/","url":"https:\/\/signature-selections.com\/contact\/","name":"Contact - Signature Selections","isPartOf":{"@id":"https:\/\/signature-selections.com\/#website"},"primaryImageOfPage":{"@id":"https:\/\/signature-selections.com\/contact\/#primaryimage"},"image":{"@id":"https:\/\/signature-selections.com\/contact\/#primaryimage"},"thumbnailUrl":"https:\/\/signature-selections.com\/wp-content\/uploads\/2020\/05\/Book-Signature-Selections.jpg","datePublished":"2020-05-11T19:36:51+00:00","dateModified":"2024-01-31T22:08:40+00:00","description":"Remplissez notre formulaire de contact, que vous soyez n\u00e9gociant, importateur ou caviste, nous mettons notre expertise \u00e0 votre service.","breadcrumb":{"@id":"https:\/\/signature-selections.com\/contact\/#breadcrumb"},"inLanguage":"en-GB","potentialAction":[{"@type":"ReadAction","target":["https:\/\/signature-selections.com\/contact\/"]}]},{"@type":"ImageObject","inLanguage":"en-GB","@id":"https:\/\/signature-selections.com\/contact\/#primaryimage","url":"https:\/\/signature-selections.com\/wp-content\/uploads\/2020\/05\/Book-Signature-Selections.jpg","contentUrl":"https:\/\/signature-selections.com\/wp-content\/uploads\/2020\/05\/Book-Signature-Selections.jpg","width":1000,"height":751,"caption":"Contact Signature Selections"},{"@type":"BreadcrumbList","@id":"https:\/\/signature-selections.com\/contact\/#breadcrumb","itemListElement":[{"@type":"ListItem","position":1,"name":"S\u00e9lection","item":"https:\/\/signature-selections.com\/"},{"@type":"ListItem","position":2,"name":"Contact"}]},{"@type":"WebSite","@id":"https:\/\/signature-selections.com\/#website","url":"https:\/\/signature-selections.com\/","name":"Signature Selections","description":"N\u00e9gociant de vins \u00e0 Bordeaux","publisher":{"@id":"https:\/\/signature-selections.com\/#organization"},"potentialAction":[{"@type":"SearchAction","target":{"@type":"EntryPoint","urlTemplate":"https:\/\/signature-selections.com\/?s={search_term_string}"},"query-input":{"@type":"PropertyValueSpecification","valueRequired":true,"valueName":"search_term_string"}}],"inLanguage":"en-GB"},{"@type":"Organization","@id":"https:\/\/signature-selections.com\/#organization","name":"Signature Selections","url":"https:\/\/signature-selections.com\/","logo":{"@type":"ImageObject","inLanguage":"en-GB","@id":"https:\/\/signature-selections.com\/#\/schema\/logo\/image\/","url":"https:\/\/signature-selections.com\/wp-content\/uploads\/2022\/10\/Logo-Signature-Selections.png","contentUrl":"https:\/\/signature-selections.com\/wp-content\/uploads\/2022\/10\/Logo-Signature-Selections.png","width":600,"height":445,"caption":"Signature Selections"},"image":{"@id":"https:\/\/signature-selections.com\/#\/schema\/logo\/image\/"},"sameAs":["https:\/\/www.facebook.com\/signatureselectionswines\/","https:\/\/www.instagram.com\/signature_selections\/?hl=fr"]}]}},"_links":{"self":[{"href":"https:\/\/signature-selections.com\/uk\/wp-json\/wp\/v2\/pages\/131","targetHints":{"allow":["GET"]}}],"collection":[{"href":"https:\/\/signature-selections.com\/uk\/wp-json\/wp\/v2\/pages"}],"about":[{"href":"https:\/\/signature-selections.com\/uk\/wp-json\/wp\/v2\/types\/page"}],"author":[{"embeddable":true,"href":"https:\/\/signature-selections.com\/uk\/wp-json\/wp\/v2\/users\/1"}],"replies":[{"embeddable":true,"href":"https:\/\/signature-selections.com\/uk\/wp-json\/wp\/v2\/comments?post=131"}],"version-history":[{"count":28,"href":"https:\/\/signature-selections.com\/uk\/wp-json\/wp\/v2\/pages\/131\/revisions"}],"predecessor-version":[{"id":990,"href":"https:\/\/signature-selections.com\/uk\/wp-json\/wp\/v2\/pages\/131\/revisions\/990"}],"wp:featuredmedia":[{"embeddable":true,"href":"https:\/\/signature-selections.com\/uk\/wp-json\/wp\/v2\/media\/230"}],"wp:attachment":[{"href":"https:\/\/signature-selections.com\/uk\/wp-json\/wp\/v2\/media?parent=131"}],"curies":[{"name":"wp","href":"https:\/\/api.w.org\/{rel}","templated":true}]}}